{"id":408,"date":"2023-12-28T19:20:06","date_gmt":"2023-12-28T18:20:06","guid":{"rendered":"https:\/\/mssasociados.com\/usa\/?page_id=408"},"modified":"2025-11-09T10:57:58","modified_gmt":"2025-11-09T15:57:58","slug":"servicios","status":"publish","type":"page","link":"https:\/\/mssasociados.com\/usa\/servicios\/","title":{"rendered":"Servicios"},"content":{"rendered":"<div class=\"wpb-content-wrapper\"><p>[vc_row full_width=&#8221;stretch_row_content&#8221; content_placement=&#8221;middle&#8221; class=&#8221;espacio-row&#8221; css=&#8221;.vc_custom_1704604194920{padding-top: 60px !important;padding-bottom: 60px !important;}&#8221;][vc_column][vc_custom_heading source=&#8221;post_title&#8221; font_container=&#8221;tag:h1|text_align:center&#8221; use_theme_fonts=&#8221;yes&#8221;][\/vc_column][\/vc_row][vc_section full_width=&#8221;stretch_row&#8221; full_height=&#8221;yes&#8221; content_placement=&#8221;middle&#8221; parallax=&#8221;content-moving-fade&#8221; css=&#8221;.vc_custom_1702438639795{background-color: rgba(30,115,190,0.21) !important;*background-color: rgb(30,115,190) !important;}&#8221;][vc_row class=&#8221;espacio-row&#8221;][vc_column][vc_separator color=&#8221;blue&#8221; border_width=&#8221;3&#8243;][vc_column_text]<\/p>\n<h3 style=\"text-align: center;\">Somos una empresa de profesionales, dirigida al \u00e1rea de contabilidad, taxes, asesor\u00edas, consultor\u00edas, dise\u00f1o de sistemas y procedimientos, software contables y administrativos.<\/h3>\n<p>[\/vc_column_text][vc_separator color=&#8221;blue&#8221; border_width=&#8221;3&#8243;][\/vc_column][\/vc_row][vc_row][vc_column width=&#8221;1\/4&#8243;][vc_single_image source=&#8221;external_link&#8221; alignment=&#8221;center&#8221; css_animation=&#8221;fadeInUp&#8221; custom_src=&#8221;https:\/\/mssasociados.com\/wp-content\/uploads\/2023\/12\/auditoria-1024&#215;640-1.jpg&#8221;][\/vc_column][vc_column width=&#8221;1\/4&#8243;][vc_custom_heading text=&#8221;Servicios de Taxes&#8221; font_container=&#8221;tag:h2|text_align:center&#8221; use_theme_fonts=&#8221;yes&#8221; css_animation=&#8221;fadeInUp&#8221;][vc_btn title=&#8221;Conocer m\u00e1s&#8221; style=&#8221;3d&#8221; color=&#8221;primary&#8221; size=&#8221;lg&#8221; align=&#8221;center&#8221; link=&#8221;url:https%3A%2F%2Fmssasociados.com%2Fusa%2Fservicios-de-auditoria%2F|title:Servicios%20de%20Auditor%C3%ADa&#8221;][\/vc_column][vc_column width=&#8221;1\/4&#8243;][vc_single_image source=&#8221;external_link&#8221; alignment=&#8221;center&#8221; css_animation=&#8221;fadeInUp&#8221; custom_src=&#8221;https:\/\/mssasociados.com\/wp-content\/uploads\/2023\/12\/servicios-contabilidad-1024&#215;640-1.jpg&#8221;][\/vc_column][vc_column width=&#8221;1\/4&#8243;][vc_custom_heading text=&#8221;Servicios de Contabilidad&#8221; font_container=&#8221;tag:h2|text_align:center&#8221; use_theme_fonts=&#8221;yes&#8221; css_animation=&#8221;fadeInUp&#8221;][vc_btn title=&#8221;Conocer m\u00e1s&#8221; style=&#8221;3d&#8221; color=&#8221;primary&#8221; size=&#8221;lg&#8221; align=&#8221;center&#8221; link=&#8221;url:https%3A%2F%2Fmssasociados.com%2Fusa%2Fservicios-de-contabilidad%2F|title:Servicios%20de%20Contabilidad&#8221;][\/vc_column][\/vc_row][vc_row][vc_column][vc_separator color=&#8221;blue&#8221; border_width=&#8221;3&#8243;][\/vc_column][\/vc_row][vc_row][vc_column width=&#8221;1\/4&#8243;][vc_custom_heading text=&#8221;Registro de Empresas&#8221; font_container=&#8221;tag:h2|text_align:center&#8221; use_theme_fonts=&#8221;yes&#8221; css_animation=&#8221;fadeInUp&#8221;][vc_btn title=&#8221;Conocer m\u00e1s&#8221; style=&#8221;3d&#8221; color=&#8221;primary&#8221; link=&#8221;url:https%3A%2F%2Fmssasociados.com%2Fusa%2Fregistro-de-empresas%2F|title:Registro%20e%20inscripci%C3%B3n%20de%20empresas&#8221;][\/vc_column][vc_column width=&#8221;1\/4&#8243;][vc_single_image source=&#8221;external_link&#8221; alignment=&#8221;center&#8221; css_animation=&#8221;fadeInUp&#8221; custom_src=&#8221;https:\/\/mssasociados.com\/wp-content\/uploads\/2023\/12\/auditoria-1024&#215;640-1.jpg&#8221;][\/vc_column][vc_column width=&#8221;1\/4&#8243;][vc_custom_heading text=&#8221;Cursos de Taxes&#8221; font_container=&#8221;tag:h2|text_align:center&#8221; use_theme_fonts=&#8221;yes&#8221; css_animation=&#8221;fadeInUp&#8221; link=&#8221;url:https%3A%2F%2Fmssasociados.com%2Fusa%2Fcursos-de-taxes%2F|title:Curso%20de%20Taxes%20Personales%20(Preparaci%C3%B3n%20de%20Impuestos%20en%20EE.UU.)&#8221;][vc_btn title=&#8221;Conocer m\u00e1s&#8221; style=&#8221;3d&#8221; color=&#8221;primary&#8221; size=&#8221;lg&#8221; align=&#8221;center&#8221; link=&#8221;url:https%3A%2F%2Fmssasociados.com%2Fusa%2Fcursos-de-taxes%2F|title:Servicios%20Normas%20Internacionales%20de%20Informaci%C3%B3n%20Financiera&#8221;][\/vc_column][vc_column width=&#8221;1\/4&#8243;][vc_single_image source=&#8221;external_link&#8221; alignment=&#8221;center&#8221; css_animation=&#8221;fadeInUp&#8221; custom_src=&#8221;https:\/\/mssasociados.com\/wp-content\/uploads\/2023\/12\/auditoria-1024&#215;640-1.jpg&#8221;][\/vc_column][\/vc_row][vc_row][vc_column][vc_separator color=&#8221;blue&#8221; border_width=&#8221;3&#8243;][\/vc_column][\/vc_row][vc_row][vc_column width=&#8221;1\/4&#8243;][vc_single_image source=&#8221;external_link&#8221; alignment=&#8221;center&#8221; css_animation=&#8221;fadeInUp&#8221; custom_src=&#8221;https:\/\/mssasociados.com\/wp-content\/uploads\/2023\/12\/auditoria-1024&#215;640-1.jpg&#8221;][\/vc_column][vc_column width=&#8221;1\/4&#8243;][vc_custom_heading text=&#8221;Notary Public y Apostilla&#8221; font_container=&#8221;tag:h2|text_align:center&#8221; use_theme_fonts=&#8221;yes&#8221; css_animation=&#8221;fadeInUp&#8221;][vc_btn title=&#8221;Conocer m\u00e1s&#8221; style=&#8221;3d&#8221; color=&#8221;primary&#8221; link=&#8221;url:https%3A%2F%2Fmssasociados.com%2Fusa%2Ftramites-de-notaria-y-apostilla%2F|title:Registro%20e%20inscripci%C3%B3n%20de%20empresas&#8221;][\/vc_column][vc_column width=&#8221;1\/4&#8243;][vc_single_image source=&#8221;external_link&#8221; alignment=&#8221;center&#8221; css_animation=&#8221;fadeInUp&#8221; custom_src=&#8221;https:\/\/mssasociados.com\/wp-content\/uploads\/2023\/12\/auditoria-1024&#215;640-1.jpg&#8221;][\/vc_column][vc_column width=&#8221;1\/4&#8243;][vc_custom_heading text=&#8221;Solicitud de ITIN&#8221; font_container=&#8221;tag:h2|text_align:center&#8221; use_theme_fonts=&#8221;yes&#8221; css_animation=&#8221;fadeInUp&#8221; link=&#8221;url:https%3A%2F%2Fmssasociados.com%2Fusa%2Fsolicitud-de-itin%2F&#8221;][vc_btn title=&#8221;Conocer m\u00e1s&#8221; style=&#8221;3d&#8221; color=&#8221;primary&#8221; size=&#8221;lg&#8221; align=&#8221;center&#8221; link=&#8221;url:https%3A%2F%2Fmssasociados.com%2Fusa%2Fsolicitud-de-itin%2F|title:Servicios%20Normas%20Internacionales%20de%20Informaci%C3%B3n%20Financiera&#8221;][\/vc_column][\/vc_row][vc_row][vc_column][vc_separator color=&#8221;blue&#8221; border_width=&#8221;3&#8243;][\/vc_column][\/vc_row][vc_row][vc_column width=&#8221;1\/4&#8243;][vc_custom_heading text=&#8221;Servicios de Consultor\u00eda&#8221; font_container=&#8221;tag:h2|text_align:center&#8221; use_theme_fonts=&#8221;yes&#8221; css_animation=&#8221;fadeInUp&#8221;][vc_btn title=&#8221;Conocer m\u00e1s&#8221; style=&#8221;3d&#8221; color=&#8221;primary&#8221; size=&#8221;lg&#8221; align=&#8221;center&#8221; link=&#8221;url:https%3A%2F%2Fmssasociados.com%2Fusa%2Fservicios-de-consultoria%2F|title:Servicios%20de%20Consultor%C3%ADa&#8221;][\/vc_column][vc_column width=&#8221;1\/4&#8243;][vc_single_image source=&#8221;external_link&#8221; alignment=&#8221;center&#8221; css_animation=&#8221;fadeInUp&#8221; custom_src=&#8221;https:\/\/mssasociados.com\/wp-content\/uploads\/2023\/12\/auditoria-1024&#215;640-1.jpg&#8221;][\/vc_column][vc_column width=&#8221;1\/4&#8243;][vc_custom_heading text=&#8221;Implementaci\u00f3n de Software&#8221; font_container=&#8221;tag:h2|text_align:center&#8221; use_theme_fonts=&#8221;yes&#8221; css_animation=&#8221;fadeInUp&#8221;][vc_btn title=&#8221;Conocer m\u00e1s&#8221; style=&#8221;3d&#8221; color=&#8221;primary&#8221; size=&#8221;lg&#8221; align=&#8221;center&#8221; link=&#8221;url:https%3A%2F%2Fmssasociados.com%2Fusa%2Fimplementaciones-de-software%2F|title:Implementaciones%20de%20Software&#8221;][\/vc_column][vc_column width=&#8221;1\/4&#8243;][vc_single_image source=&#8221;external_link&#8221; alignment=&#8221;center&#8221; css_animation=&#8221;fadeInUp&#8221; custom_src=&#8221;https:\/\/mssasociados.com\/wp-content\/uploads\/2023\/12\/servicios-contabilidad-1024&#215;640-1.jpg&#8221;][\/vc_column][\/vc_row][\/vc_section]<\/p>\n<\/div>","protected":false},"excerpt":{"rendered":"<p>[vc_row full_width=&#8221;stretch_row_content&#8221; content_placement=&#8221;middle&#8221; class=&#8221;espacio-row&#8221; css=&#8221;.vc_custom_1704604194920{padding-top: 60px !important;padding-bottom: 60px !important;}&#8221;][vc_column][vc_custom_heading source=&#8221;post_title&#8221; font_container=&#8221;tag:h1|text_align:center&#8221; use_theme_fonts=&#8221;yes&#8221;][\/vc_column][\/vc_row][vc_section full_width=&#8221;stretch_row&#8221; full_height=&#8221;yes&#8221; content_placement=&#8221;middle&#8221; parallax=&#8221;content-moving-fade&#8221; css=&#8221;.vc_custom_1702438639795{background-color: rgba(30,115,190,0.21) !important;*background-color: rgb(30,115,190) !important;}&#8221;][vc_row class=&#8221;espacio-row&#8221;][vc_column][vc_separator color=&#8221;blue&#8221; border_width=&#8221;3&#8243;][vc_column_text] Somos una empresa de profesionales, dirigida al \u00e1rea de contabilidad, taxes, asesor\u00edas, consultor\u00edas, dise\u00f1o de sistemas y procedimientos, software contables y administrativos. [\/vc_column_text][vc_separator color=&#8221;blue&#8221; border_width=&#8221;3&#8243;][\/vc_column][\/vc_row][vc_row][vc_column width=&#8221;1\/4&#8243;][vc_single_image source=&#8221;external_link&#8221; alignment=&#8221;center&#8221; css_animation=&#8221;fadeInUp&#8221; custom_src=&#8221;https:\/\/mssasociados.com\/wp-content\/uploads\/2023\/12\/auditoria-1024&#215;640-1.jpg&#8221;][\/vc_column][vc_column width=&#8221;1\/4&#8243;][vc_custom_heading&hellip;&nbsp;<a href=\"https:\/\/mssasociados.com\/usa\/servicios\/\" rel=\"bookmark\">Leer m\u00e1s &raquo;<span class=\"screen-reader-text\">Servicios<\/span><\/a><\/p>\n","protected":false},"author":5475,"featured_media":0,"parent":0,"menu_order":0,"comment_status":"closed","ping_status":"closed","template":"","meta":{"neve_meta_sidebar":"","neve_meta_container":"","neve_meta_enable_content_width":"off","neve_meta_content_width":100,"neve_meta_title_alignment":"","neve_meta_author_avatar":"","neve_post_elements_order":"","neve_meta_disable_header":"","neve_meta_disable_footer":"","neve_meta_disable_title":"on","_themeisle_gutenberg_block_has_review":false,"footnotes":""},"class_list":["post-408","page","type-page","status-publish","hentry"],"yoast_head":"<!-- This site is optimized with the Yoast SEO plugin v24.9 - https:\/\/yoast.com\/wordpress\/plugins\/seo\/ -->\n<title>Servicios - MSS &amp; Asociados - USA<\/title>\n<meta name=\"robots\" content=\"index, follow, max-snippet:-1, max-image-preview:large, max-video-preview:-1\" \/>\n<link rel=\"canonical\" href=\"https:\/\/mssasociados.com\/usa\/servicios\/\" \/>\n<meta property=\"og:locale\" content=\"es_ES\" \/>\n<meta property=\"og:type\" content=\"article\" \/>\n<meta property=\"og:title\" content=\"Servicios - MSS &amp; Asociados - USA\" \/>\n<meta property=\"og:description\" content=\"[vc_row full_width=&#8221;stretch_row_content&#8221; content_placement=&#8221;middle&#8221; class=&#8221;espacio-row&#8221; css=&#8221;.vc_custom_1704604194920{padding-top: 60px !important;padding-bottom: 60px !important;}&#8221;][vc_column][vc_custom_heading source=&#8221;post_title&#8221; font_container=&#8221;tag:h1|text_align:center&#8221; use_theme_fonts=&#8221;yes&#8221;][\/vc_column][\/vc_row][vc_section full_width=&#8221;stretch_row&#8221; full_height=&#8221;yes&#8221; content_placement=&#8221;middle&#8221; parallax=&#8221;content-moving-fade&#8221; css=&#8221;.vc_custom_1702438639795{background-color: rgba(30,115,190,0.21) !important;*background-color: rgb(30,115,190) !important;}&#8221;][vc_row class=&#8221;espacio-row&#8221;][vc_column][vc_separator color=&#8221;blue&#8221; border_width=&#8221;3&#8243;][vc_column_text] Somos una empresa de profesionales, dirigida al \u00e1rea de contabilidad, taxes, asesor\u00edas, consultor\u00edas, dise\u00f1o de sistemas y procedimientos, software contables y administrativos. [\/vc_column_text][vc_separator color=&#8221;blue&#8221; border_width=&#8221;3&#8243;][\/vc_column][\/vc_row][vc_row][vc_column width=&#8221;1\/4&#8243;][vc_single_image source=&#8221;external_link&#8221; alignment=&#8221;center&#8221; css_animation=&#8221;fadeInUp&#8221; custom_src=&#8221;https:\/\/mssasociados.com\/wp-content\/uploads\/2023\/12\/auditoria-1024&#215;640-1.jpg&#8221;][\/vc_column][vc_column width=&#8221;1\/4&#8243;][vc_custom_heading&hellip;&nbsp;Leer m\u00e1s &raquo;Servicios\" \/>\n<meta property=\"og:url\" content=\"https:\/\/mssasociados.com\/usa\/servicios\/\" \/>\n<meta property=\"og:site_name\" content=\"MSS &amp; Asociados - USA\" \/>\n<meta property=\"article:modified_time\" content=\"2025-11-09T15:57:58+00:00\" \/>\n<meta name=\"twitter:card\" content=\"summary_large_image\" \/>\n<meta name=\"twitter:label1\" content=\"Tiempo de lectura\" \/>\n\t<meta name=\"twitter:data1\" content=\"1 minuto\" \/>\n<script type=\"application\/ld+json\" class=\"yoast-schema-graph\">{\"@context\":\"https:\/\/schema.org\",\"@graph\":[{\"@type\":\"WebPage\",\"@id\":\"https:\/\/mssasociados.com\/usa\/servicios\/\",\"url\":\"https:\/\/mssasociados.com\/usa\/servicios\/\",\"name\":\"Servicios - MSS &amp; Asociados - USA\",\"isPartOf\":{\"@id\":\"https:\/\/mssasociados.com\/usa\/#website\"},\"datePublished\":\"2023-12-28T18:20:06+00:00\",\"dateModified\":\"2025-11-09T15:57:58+00:00\",\"breadcrumb\":{\"@id\":\"https:\/\/mssasociados.com\/usa\/servicios\/#breadcrumb\"},\"inLanguage\":\"es\",\"potentialAction\":[{\"@type\":\"ReadAction\",\"target\":[\"https:\/\/mssasociados.com\/usa\/servicios\/\"]}]},{\"@type\":\"BreadcrumbList\",\"@id\":\"https:\/\/mssasociados.com\/usa\/servicios\/#breadcrumb\",\"itemListElement\":[{\"@type\":\"ListItem\",\"position\":1,\"name\":\"Portada\",\"item\":\"https:\/\/mssasociados.com\/usa\/\"},{\"@type\":\"ListItem\",\"position\":2,\"name\":\"Servicios\"}]},{\"@type\":\"WebSite\",\"@id\":\"https:\/\/mssasociados.com\/usa\/#website\",\"url\":\"https:\/\/mssasociados.com\/usa\/\",\"name\":\"MSS &amp; Asociados - USA\",\"description\":\"\",\"publisher\":{\"@id\":\"https:\/\/mssasociados.com\/usa\/#organization\"},\"potentialAction\":[{\"@type\":\"SearchAction\",\"target\":{\"@type\":\"EntryPoint\",\"urlTemplate\":\"https:\/\/mssasociados.com\/usa\/?s={search_term_string}\"},\"query-input\":{\"@type\":\"PropertyValueSpecification\",\"valueRequired\":true,\"valueName\":\"search_term_string\"}}],\"inLanguage\":\"es\"},{\"@type\":\"Organization\",\"@id\":\"https:\/\/mssasociados.com\/usa\/#organization\",\"name\":\"MSS &amp; Asociados - USA\",\"url\":\"https:\/\/mssasociados.com\/usa\/\",\"logo\":{\"@type\":\"ImageObject\",\"inLanguage\":\"es\",\"@id\":\"https:\/\/mssasociados.com\/usa\/#\/schema\/logo\/image\/\",\"url\":\"https:\/\/mssasociados.com\/usa\/wp-content\/uploads\/sites\/2\/2020\/12\/web-agency-logo-3.png\",\"contentUrl\":\"https:\/\/mssasociados.com\/usa\/wp-content\/uploads\/sites\/2\/2020\/12\/web-agency-logo-3.png\",\"width\":200,\"height\":200,\"caption\":\"MSS &amp; Asociados - USA\"},\"image\":{\"@id\":\"https:\/\/mssasociados.com\/usa\/#\/schema\/logo\/image\/\"}}]}<\/script>\n<!-- \/ Yoast SEO plugin. -->","yoast_head_json":{"title":"Servicios - MSS &amp; Asociados - USA","robots":{"index":"index","follow":"follow","max-snippet":"max-snippet:-1","max-image-preview":"max-image-preview:large","max-video-preview":"max-video-preview:-1"},"canonical":"https:\/\/mssasociados.com\/usa\/servicios\/","og_locale":"es_ES","og_type":"article","og_title":"Servicios - MSS &amp; Asociados - USA","og_description":"[vc_row full_width=&#8221;stretch_row_content&#8221; content_placement=&#8221;middle&#8221; class=&#8221;espacio-row&#8221; css=&#8221;.vc_custom_1704604194920{padding-top: 60px !important;padding-bottom: 60px !important;}&#8221;][vc_column][vc_custom_heading source=&#8221;post_title&#8221; font_container=&#8221;tag:h1|text_align:center&#8221; use_theme_fonts=&#8221;yes&#8221;][\/vc_column][\/vc_row][vc_section full_width=&#8221;stretch_row&#8221; full_height=&#8221;yes&#8221; content_placement=&#8221;middle&#8221; parallax=&#8221;content-moving-fade&#8221; css=&#8221;.vc_custom_1702438639795{background-color: rgba(30,115,190,0.21) !important;*background-color: rgb(30,115,190) !important;}&#8221;][vc_row class=&#8221;espacio-row&#8221;][vc_column][vc_separator color=&#8221;blue&#8221; border_width=&#8221;3&#8243;][vc_column_text] Somos una empresa de profesionales, dirigida al \u00e1rea de contabilidad, taxes, asesor\u00edas, consultor\u00edas, dise\u00f1o de sistemas y procedimientos, software contables y administrativos. [\/vc_column_text][vc_separator color=&#8221;blue&#8221; border_width=&#8221;3&#8243;][\/vc_column][\/vc_row][vc_row][vc_column width=&#8221;1\/4&#8243;][vc_single_image source=&#8221;external_link&#8221; alignment=&#8221;center&#8221; css_animation=&#8221;fadeInUp&#8221; custom_src=&#8221;https:\/\/mssasociados.com\/wp-content\/uploads\/2023\/12\/auditoria-1024&#215;640-1.jpg&#8221;][\/vc_column][vc_column width=&#8221;1\/4&#8243;][vc_custom_heading&hellip;&nbsp;Leer m\u00e1s &raquo;Servicios","og_url":"https:\/\/mssasociados.com\/usa\/servicios\/","og_site_name":"MSS &amp; Asociados - USA","article_modified_time":"2025-11-09T15:57:58+00:00","twitter_card":"summary_large_image","twitter_misc":{"Tiempo de lectura":"1 minuto"},"schema":{"@context":"https:\/\/schema.org","@graph":[{"@type":"WebPage","@id":"https:\/\/mssasociados.com\/usa\/servicios\/","url":"https:\/\/mssasociados.com\/usa\/servicios\/","name":"Servicios - MSS &amp; Asociados - USA","isPartOf":{"@id":"https:\/\/mssasociados.com\/usa\/#website"},"datePublished":"2023-12-28T18:20:06+00:00","dateModified":"2025-11-09T15:57:58+00:00","breadcrumb":{"@id":"https:\/\/mssasociados.com\/usa\/servicios\/#breadcrumb"},"inLanguage":"es","potentialAction":[{"@type":"ReadAction","target":["https:\/\/mssasociados.com\/usa\/servicios\/"]}]},{"@type":"BreadcrumbList","@id":"https:\/\/mssasociados.com\/usa\/servicios\/#breadcrumb","itemListElement":[{"@type":"ListItem","position":1,"name":"Portada","item":"https:\/\/mssasociados.com\/usa\/"},{"@type":"ListItem","position":2,"name":"Servicios"}]},{"@type":"WebSite","@id":"https:\/\/mssasociados.com\/usa\/#website","url":"https:\/\/mssasociados.com\/usa\/","name":"MSS &amp; Asociados - USA","description":"","publisher":{"@id":"https:\/\/mssasociados.com\/usa\/#organization"},"potentialAction":[{"@type":"SearchAction","target":{"@type":"EntryPoint","urlTemplate":"https:\/\/mssasociados.com\/usa\/?s={search_term_string}"},"query-input":{"@type":"PropertyValueSpecification","valueRequired":true,"valueName":"search_term_string"}}],"inLanguage":"es"},{"@type":"Organization","@id":"https:\/\/mssasociados.com\/usa\/#organization","name":"MSS &amp; Asociados - USA","url":"https:\/\/mssasociados.com\/usa\/","logo":{"@type":"ImageObject","inLanguage":"es","@id":"https:\/\/mssasociados.com\/usa\/#\/schema\/logo\/image\/","url":"https:\/\/mssasociados.com\/usa\/wp-content\/uploads\/sites\/2\/2020\/12\/web-agency-logo-3.png","contentUrl":"https:\/\/mssasociados.com\/usa\/wp-content\/uploads\/sites\/2\/2020\/12\/web-agency-logo-3.png","width":200,"height":200,"caption":"MSS &amp; Asociados - USA"},"image":{"@id":"https:\/\/mssasociados.com\/usa\/#\/schema\/logo\/image\/"}}]}},"jetpack_sharing_enabled":true,"_links":{"self":[{"href":"https:\/\/mssasociados.com\/usa\/wp-json\/wp\/v2\/pages\/408","targetHints":{"allow":["GET"]}}],"collection":[{"href":"https:\/\/mssasociados.com\/usa\/wp-json\/wp\/v2\/pages"}],"about":[{"href":"https:\/\/mssasociados.com\/usa\/wp-json\/wp\/v2\/types\/page"}],"author":[{"embeddable":true,"href":"https:\/\/mssasociados.com\/usa\/wp-json\/wp\/v2\/users\/5475"}],"replies":[{"embeddable":true,"href":"https:\/\/mssasociados.com\/usa\/wp-json\/wp\/v2\/comments?post=408"}],"version-history":[{"count":26,"href":"https:\/\/mssasociados.com\/usa\/wp-json\/wp\/v2\/pages\/408\/revisions"}],"predecessor-version":[{"id":14431,"href":"https:\/\/mssasociados.com\/usa\/wp-json\/wp\/v2\/pages\/408\/revisions\/14431"}],"wp:attachment":[{"href":"https:\/\/mssasociados.com\/usa\/wp-json\/wp\/v2\/media?parent=408"}],"curies":[{"name":"wp","href":"https:\/\/api.w.org\/{rel}","templated":true}]}}