{"id":435,"date":"2024-01-06T20:57:47","date_gmt":"2024-01-06T19:57:47","guid":{"rendered":"https:\/\/mssasociados.com\/usa\/?page_id=435"},"modified":"2024-02-13T11:53:58","modified_gmt":"2024-02-13T16:53:58","slug":"registro-de-empresas","status":"publish","type":"page","link":"https:\/\/mssasociados.com\/usa\/registro-de-empresas\/","title":{"rendered":"Registro de Empresas"},"content":{"rendered":"<div class=\"wpb-content-wrapper\"><p>[vc_row full_width=&#8221;stretch_row_content&#8221; content_placement=&#8221;middle&#8221; text_shadow=&#8221;no-shadow&#8221; inner_shadow=&#8221;no-shadow&#8221; width=&#8221;padded&#8221; class=&#8221;texto-20&#8243; overlay_opacity=&#8221;0&#8243; overlay_grid=&#8221;0&#8243; background_image_size=&#8221;cover&#8221; background_image_repeat=&#8221;no-repeat&#8221; background_position_vertical=&#8221;0&#8243; background_image_attachment=&#8221;scroll&#8221; background_image_parallax=&#8221;off&#8221; background_image_parallax_start=&#8221;0&#8243; background_image_parallax_end=&#8221;-80&#8243; height=&#8221;normal&#8221; transparency=&#8221;opaque&#8221; vertical_alignment=&#8221;default&#8221; css=&#8221;.vc_custom_1704680677711{padding-top: 60px !important;padding-bottom: 30px !important;}&#8221;][vc_column][vc_custom_heading source=&#8221;post_title&#8221; font_container=&#8221;tag:h1|text_align:center&#8221; use_theme_fonts=&#8221;yes&#8221;][\/vc_column][\/vc_row][vc_row text_shadow=&#8221;no-shadow&#8221; inner_shadow=&#8221;no-shadow&#8221; width=&#8221;padded&#8221; class=&#8221;texto-20&#8243; overlay_opacity=&#8221;0&#8243; overlay_grid=&#8221;0&#8243; background_image_size=&#8221;cover&#8221; background_image_repeat=&#8221;no-repeat&#8221; background_position_vertical=&#8221;0&#8243; background_image_attachment=&#8221;scroll&#8221; background_image_parallax=&#8221;off&#8221; background_image_parallax_start=&#8221;0&#8243; background_image_parallax_end=&#8221;-80&#8243; height=&#8221;normal&#8221; transparency=&#8221;opaque&#8221; vertical_alignment=&#8221;default&#8221;][vc_column][vc_separator color=&#8221;blue&#8221; border_width=&#8221;3&#8243;][vc_column_text text_columns=&#8221;col-text-1&#8243; text_color=&#8221;text-normal&#8221; margin_top=&#8221;20&#8243; margin_bottom=&#8221;20&#8243; scroll_animation=&#8221;none&#8221; scroll_animation_delay=&#8221;0&#8243; css=&#8221;.vc_custom_1707843199821{margin-bottom: 20px !important;}&#8221;]<strong>Es importante tener en cuenta que tanto\u00a0<\/strong>Residentes como extranjeros pueden crear corporaciones e iniciar una actividad comercial o de inversi\u00f3n en los Estados Unidos, pero para alcanzar el \u00e9xito se requiere de un an\u00e1lisis previo.<\/p>\n<p>M\u00e1s all\u00e1 de la informaci\u00f3n que podemos suministrar a trav\u00e9s de este web, estimamos de gran valor una entrevista personal, o trav\u00e9s de medios tecnol\u00f3gicos (ZOOM), donde le podemos ofrecer con mejor detalles un an\u00e1lisis de las ventajas y desventajas de los tipos de estructuras jur\u00eddicas que se pueden iniciar en el Estado de la Florida a fin de encontrar la estructura m\u00e1s adecuada de acuerdo a las necesidades de cada cliente.<\/p>\n<p>El estado de Florida de los Estados Unidos, permite el registro de ciertos tipos de Empresas, y entre las m\u00e1s comunes est\u00e1n:<\/p>\n<h2>A.- CORPORACI\u00d3N C (C CORPORATION)<\/h2>\n<p>Esta es una manera de crear empresa mucho m\u00e1s compleja ya que se pueden ofrecer a la venta porcentajes (acciones) de la empresa para atraer inversi\u00f3n.<\/p>\n<p>Es una sociedad por acciones y tiene una personer\u00eda jur\u00eddica totalmente separada de los accionistas. Mediante la formaci\u00f3n de una corporaci\u00f3n C, los empresarios crean una estructura jur\u00eddica independiente, que ayuda a proteger su patrimonio personal de los juicios contra la empresa. Desde el punto de vista impositivo, las corporaciones C son estructuras de \u201cdoble tributaci\u00f3n\u201d, debido a que se tributan impuestos a nivel de la compa\u00f1\u00eda y luego, al distribuir dividendos, los accionistas deben nuevamente reportar impuestos por dicho ingreso.<\/p>\n<p>La corporaci\u00f3n C presenta una serie de ventajas:<\/p>\n<ul>\n<li>Los accionistas tienen responsabilidad limitada por las deudas y obligaciones de las empresas, la protecci\u00f3n de sus ahorros personales y posesiones.<\/li>\n<li>Existencia\u00a0perpetua. Se puede extender despu\u00e9s de la muerte o el retiro de los accionistas.<\/li>\n<li>Potencial de crecimiento ilimitado a trav\u00e9s de la venta de acciones.<\/li>\n<li>Beneficios fiscales. Puede deducir muchos de sus gastos de negocios utilizados en el proceso de funcionamiento de la empresa.<\/li>\n<li>No hay requisito de residencia. Los accionistas no necesitan ser residentes o ciudadanos de los Estados Unidos.<\/li>\n<\/ul>\n<p><strong>Inconvenientes:<\/strong>\u00a0la Corporaci\u00f3n C es una entidad totalmente separada de los socios y en consecuencia tiene doble imposici\u00f3n. Esto quiere decir que la corporaci\u00f3n en s\u00ed paga impuestos, y que las ganancias de cada socio deben declararse por separado y pagar\u00a0<a href=\"https:\/\/www.thebalancesmb.com\/corporate-tax-rates-and-tax-calculation-397647\">impuestos sobre ellas<\/a>.<\/p>\n<p>Las corporaciones pueden abrirse con o sin \u00e1nimo de lucro.<\/p>\n<h2>B.- Corporaci\u00f3n de Negocio Peque\u00f1o (Small Business Corporation\/S-Corp)<\/h2>\n<p>Estas corporaciones existen para que, una vez autorizadas, sus socios no tengan que pagar la doble imposici\u00f3n de las corporaciones C.<\/p>\n<p>Es similar a la corporaci\u00f3n C pero tiene una serie de restricciones. En particular, s\u00f3lo los ciudadanos estadounidenses o residentes permanentes y\/o residentes del estado pueden ser propietarios de una corporaci\u00f3n S. Una corporaci\u00f3n S no puede tener m\u00e1s de 100 accionistas. Los beneficios de formar una corporaci\u00f3n S son:<\/p>\n<ul>\n<li>Los accionistas tienen responsabilidad limitada por las deudas y obligaciones de las empresas, la protecci\u00f3n de sus ahorros personales y posesiones.<\/li>\n<li>Existencia perpetua. Se puede extender despu\u00e9s de la muerte o el retiro de los accionistas.<\/li>\n<li>Evita la doble tributaci\u00f3n. Los accionistas informan de su participaci\u00f3n en las p\u00e9rdidas y ganancias en sus declaraciones de impuestos individuales. De este modo se simplifica y se elimina la doble tributaci\u00f3n a la que queda expuesta una corporaci\u00f3n C.\u00a0Debe tener por lo menos 1 empleado con W2.<\/li>\n<\/ul>\n<p><strong>Inconvenientes:<\/strong>\u00a0es m\u00e1s compleja y m\u00e1s cara de crear que las Asociaciones (partnership) a pesar de que ofrece ventajas muy similares a las LLC.<\/p>\n<p>La corporaci\u00f3n S es ideal para negocios peque\u00f1os gracias a los beneficios de impuestos. Pero esta limita a Residentes o Ciudadanos Americanos.<\/p>\n<h2>C.- Compa\u00f1\u00eda de Responsabilidad Limitada (Limited Liability Company o LLC)<\/h2>\n<p>Esta forma de negocio es muy com\u00fan en los Estados Unidos.<\/p>\n<p><strong>Ventajas:<\/strong>\u00a0La LLC ofrece muchas ventajas, entre ellas:<\/p>\n<ul>\n<li>Los propietarios tienen responsabilidad limitada por las deudas y obligaciones de las empresas, la protecci\u00f3n de sus ahorros personales y posesiones.<\/li>\n<li>Menos papeleo que una corporaci\u00f3n, pocos requisitos para su conformaci\u00f3n.<\/li>\n<li>Evita la doble tributaci\u00f3n. Los socios informan de su participaci\u00f3n en las p\u00e9rdidas y ganancias en sus declaraciones de impuestos individuales. De este modo se simplifica y se elimina la doble tributaci\u00f3n a la que queda expuesta una corporaci\u00f3n.<\/li>\n<li>No hay requisito de residencia. Los due\u00f1os no necesitan ser residentes o ciudadanos de los Estados Unidos.<\/li>\n<\/ul>\n<p><strong>Inconvenientes:\u00a0<\/strong>\u00a0el proceso de creaci\u00f3n es m\u00e1s caro que si se opta por una asociaci\u00f3n o una empresa de propietario \u00fanico.<\/p>\n<p><strong>L<\/strong>os socios de la LLC siempre est\u00e1n protegidos, y sus bienes personales (casa, ahorros, cuentas bancarias) nunca entrar\u00e1n a responder por las p\u00e9rdidas del negocio.[\/vc_column_text][vc_separator color=&#8221;blue&#8221; border_width=&#8221;3&#8243;][vc_btn title=&#8221;Cont\u00e1ctanos&#8221; style=&#8221;3d&#8221; color=&#8221;primary&#8221; size=&#8221;lg&#8221; align=&#8221;center&#8221; i_icon_fontawesome=&#8221;far fa-envelope&#8221; add_icon=&#8221;true&#8221; link=&#8221;url:https%3A%2F%2Fmssasociados.com%2Fusa%2Fcontact-us%2F|title:Cont%C3%A1ctanos&#8221;][\/vc_column][\/vc_row]<\/p>\n<\/div>","protected":false},"excerpt":{"rendered":"<p>[vc_row full_width=&#8221;stretch_row_content&#8221; content_placement=&#8221;middle&#8221; text_shadow=&#8221;no-shadow&#8221; inner_shadow=&#8221;no-shadow&#8221; width=&#8221;padded&#8221; class=&#8221;texto-20&#8243; overlay_opacity=&#8221;0&#8243; overlay_grid=&#8221;0&#8243; background_image_size=&#8221;cover&#8221; background_image_repeat=&#8221;no-repeat&#8221; background_position_vertical=&#8221;0&#8243; background_image_attachment=&#8221;scroll&#8221; background_image_parallax=&#8221;off&#8221; background_image_parallax_start=&#8221;0&#8243; background_image_parallax_end=&#8221;-80&#8243; height=&#8221;normal&#8221; transparency=&#8221;opaque&#8221; vertical_alignment=&#8221;default&#8221; css=&#8221;.vc_custom_1704680677711{padding-top: 60px !important;padding-bottom: 30px !important;}&#8221;][vc_column][vc_custom_heading source=&#8221;post_title&#8221; font_container=&#8221;tag:h1|text_align:center&#8221; use_theme_fonts=&#8221;yes&#8221;][\/vc_column][\/vc_row][vc_row text_shadow=&#8221;no-shadow&#8221; inner_shadow=&#8221;no-shadow&#8221; width=&#8221;padded&#8221; class=&#8221;texto-20&#8243; overlay_opacity=&#8221;0&#8243; overlay_grid=&#8221;0&#8243; background_image_size=&#8221;cover&#8221; background_image_repeat=&#8221;no-repeat&#8221; background_position_vertical=&#8221;0&#8243; background_image_attachment=&#8221;scroll&#8221; background_image_parallax=&#8221;off&#8221; background_image_parallax_start=&#8221;0&#8243; background_image_parallax_end=&#8221;-80&#8243; height=&#8221;normal&#8221; transparency=&#8221;opaque&#8221; vertical_alignment=&#8221;default&#8221;][vc_column][vc_separator color=&#8221;blue&#8221; border_width=&#8221;3&#8243;][vc_column_text text_columns=&#8221;col-text-1&#8243; text_color=&#8221;text-normal&#8221; margin_top=&#8221;20&#8243; margin_bottom=&#8221;20&#8243; scroll_animation=&#8221;none&#8221; scroll_animation_delay=&#8221;0&#8243; css=&#8221;.vc_custom_1707843199821{margin-bottom: 20px !important;}&#8221;]Es importante&hellip;&nbsp;<a href=\"https:\/\/mssasociados.com\/usa\/registro-de-empresas\/\" rel=\"bookmark\">Leer m\u00e1s &raquo;<span class=\"screen-reader-text\">Registro de Empresas<\/span><\/a><\/p>\n","protected":false},"author":5475,"featured_media":0,"parent":0,"menu_order":0,"comment_status":"closed","ping_status":"closed","template":"","meta":{"neve_meta_sidebar":"","neve_meta_container":"","neve_meta_enable_content_width":"off","neve_meta_content_width":100,"neve_meta_title_alignment":"","neve_meta_author_avatar":"","neve_post_elements_order":"","neve_meta_disable_header":"","neve_meta_disable_footer":"","neve_meta_disable_title":"on","_themeisle_gutenberg_block_has_review":false,"footnotes":""},"class_list":["post-435","page","type-page","status-publish","hentry"],"yoast_head":"<!-- This site is optimized with the Yoast SEO plugin v24.9 - https:\/\/yoast.com\/wordpress\/plugins\/seo\/ -->\n<title>Registro de Empresas - MSS &amp; Asociados - USA<\/title>\n<meta name=\"robots\" content=\"index, follow, max-snippet:-1, max-image-preview:large, max-video-preview:-1\" \/>\n<link rel=\"canonical\" href=\"https:\/\/mssasociados.com\/usa\/registro-de-empresas\/\" \/>\n<meta property=\"og:locale\" content=\"es_ES\" \/>\n<meta property=\"og:type\" content=\"article\" \/>\n<meta property=\"og:title\" content=\"Registro de Empresas - MSS &amp; Asociados - USA\" \/>\n<meta property=\"og:description\" content=\"[vc_row full_width=&#8221;stretch_row_content&#8221; content_placement=&#8221;middle&#8221; text_shadow=&#8221;no-shadow&#8221; inner_shadow=&#8221;no-shadow&#8221; width=&#8221;padded&#8221; class=&#8221;texto-20&#8243; overlay_opacity=&#8221;0&#8243; overlay_grid=&#8221;0&#8243; background_image_size=&#8221;cover&#8221; background_image_repeat=&#8221;no-repeat&#8221; background_position_vertical=&#8221;0&#8243; background_image_attachment=&#8221;scroll&#8221; background_image_parallax=&#8221;off&#8221; background_image_parallax_start=&#8221;0&#8243; background_image_parallax_end=&#8221;-80&#8243; height=&#8221;normal&#8221; transparency=&#8221;opaque&#8221; vertical_alignment=&#8221;default&#8221; css=&#8221;.vc_custom_1704680677711{padding-top: 60px !important;padding-bottom: 30px !important;}&#8221;][vc_column][vc_custom_heading source=&#8221;post_title&#8221; font_container=&#8221;tag:h1|text_align:center&#8221; use_theme_fonts=&#8221;yes&#8221;][\/vc_column][\/vc_row][vc_row text_shadow=&#8221;no-shadow&#8221; inner_shadow=&#8221;no-shadow&#8221; width=&#8221;padded&#8221; class=&#8221;texto-20&#8243; overlay_opacity=&#8221;0&#8243; overlay_grid=&#8221;0&#8243; background_image_size=&#8221;cover&#8221; background_image_repeat=&#8221;no-repeat&#8221; background_position_vertical=&#8221;0&#8243; background_image_attachment=&#8221;scroll&#8221; background_image_parallax=&#8221;off&#8221; background_image_parallax_start=&#8221;0&#8243; background_image_parallax_end=&#8221;-80&#8243; height=&#8221;normal&#8221; transparency=&#8221;opaque&#8221; vertical_alignment=&#8221;default&#8221;][vc_column][vc_separator color=&#8221;blue&#8221; border_width=&#8221;3&#8243;][vc_column_text text_columns=&#8221;col-text-1&#8243; text_color=&#8221;text-normal&#8221; margin_top=&#8221;20&#8243; margin_bottom=&#8221;20&#8243; scroll_animation=&#8221;none&#8221; scroll_animation_delay=&#8221;0&#8243; css=&#8221;.vc_custom_1707843199821{margin-bottom: 20px !important;}&#8221;]Es importante&hellip;&nbsp;Leer m\u00e1s &raquo;Registro de Empresas\" \/>\n<meta property=\"og:url\" content=\"https:\/\/mssasociados.com\/usa\/registro-de-empresas\/\" \/>\n<meta property=\"og:site_name\" content=\"MSS &amp; Asociados - USA\" \/>\n<meta property=\"article:modified_time\" content=\"2024-02-13T16:53:58+00:00\" \/>\n<meta name=\"twitter:card\" content=\"summary_large_image\" \/>\n<meta name=\"twitter:label1\" content=\"Tiempo de lectura\" \/>\n\t<meta name=\"twitter:data1\" content=\"4 minutos\" \/>\n<script type=\"application\/ld+json\" class=\"yoast-schema-graph\">{\"@context\":\"https:\/\/schema.org\",\"@graph\":[{\"@type\":\"WebPage\",\"@id\":\"https:\/\/mssasociados.com\/usa\/registro-de-empresas\/\",\"url\":\"https:\/\/mssasociados.com\/usa\/registro-de-empresas\/\",\"name\":\"Registro de Empresas - MSS &amp; Asociados - USA\",\"isPartOf\":{\"@id\":\"https:\/\/mssasociados.com\/usa\/#website\"},\"datePublished\":\"2024-01-06T19:57:47+00:00\",\"dateModified\":\"2024-02-13T16:53:58+00:00\",\"breadcrumb\":{\"@id\":\"https:\/\/mssasociados.com\/usa\/registro-de-empresas\/#breadcrumb\"},\"inLanguage\":\"es\",\"potentialAction\":[{\"@type\":\"ReadAction\",\"target\":[\"https:\/\/mssasociados.com\/usa\/registro-de-empresas\/\"]}]},{\"@type\":\"BreadcrumbList\",\"@id\":\"https:\/\/mssasociados.com\/usa\/registro-de-empresas\/#breadcrumb\",\"itemListElement\":[{\"@type\":\"ListItem\",\"position\":1,\"name\":\"Portada\",\"item\":\"https:\/\/mssasociados.com\/usa\/\"},{\"@type\":\"ListItem\",\"position\":2,\"name\":\"Registro de Empresas\"}]},{\"@type\":\"WebSite\",\"@id\":\"https:\/\/mssasociados.com\/usa\/#website\",\"url\":\"https:\/\/mssasociados.com\/usa\/\",\"name\":\"MSS &amp; Asociados - USA\",\"description\":\"\",\"publisher\":{\"@id\":\"https:\/\/mssasociados.com\/usa\/#organization\"},\"potentialAction\":[{\"@type\":\"SearchAction\",\"target\":{\"@type\":\"EntryPoint\",\"urlTemplate\":\"https:\/\/mssasociados.com\/usa\/?s={search_term_string}\"},\"query-input\":{\"@type\":\"PropertyValueSpecification\",\"valueRequired\":true,\"valueName\":\"search_term_string\"}}],\"inLanguage\":\"es\"},{\"@type\":\"Organization\",\"@id\":\"https:\/\/mssasociados.com\/usa\/#organization\",\"name\":\"MSS &amp; Asociados - USA\",\"url\":\"https:\/\/mssasociados.com\/usa\/\",\"logo\":{\"@type\":\"ImageObject\",\"inLanguage\":\"es\",\"@id\":\"https:\/\/mssasociados.com\/usa\/#\/schema\/logo\/image\/\",\"url\":\"https:\/\/mssasociados.com\/usa\/wp-content\/uploads\/sites\/2\/2020\/12\/web-agency-logo-3.png\",\"contentUrl\":\"https:\/\/mssasociados.com\/usa\/wp-content\/uploads\/sites\/2\/2020\/12\/web-agency-logo-3.png\",\"width\":200,\"height\":200,\"caption\":\"MSS &amp; Asociados - USA\"},\"image\":{\"@id\":\"https:\/\/mssasociados.com\/usa\/#\/schema\/logo\/image\/\"}}]}<\/script>\n<!-- \/ Yoast SEO plugin. -->","yoast_head_json":{"title":"Registro de Empresas - MSS &amp; Asociados - USA","robots":{"index":"index","follow":"follow","max-snippet":"max-snippet:-1","max-image-preview":"max-image-preview:large","max-video-preview":"max-video-preview:-1"},"canonical":"https:\/\/mssasociados.com\/usa\/registro-de-empresas\/","og_locale":"es_ES","og_type":"article","og_title":"Registro de Empresas - MSS &amp; Asociados - USA","og_description":"[vc_row full_width=&#8221;stretch_row_content&#8221; content_placement=&#8221;middle&#8221; text_shadow=&#8221;no-shadow&#8221; inner_shadow=&#8221;no-shadow&#8221; width=&#8221;padded&#8221; class=&#8221;texto-20&#8243; overlay_opacity=&#8221;0&#8243; overlay_grid=&#8221;0&#8243; background_image_size=&#8221;cover&#8221; background_image_repeat=&#8221;no-repeat&#8221; background_position_vertical=&#8221;0&#8243; background_image_attachment=&#8221;scroll&#8221; background_image_parallax=&#8221;off&#8221; background_image_parallax_start=&#8221;0&#8243; background_image_parallax_end=&#8221;-80&#8243; height=&#8221;normal&#8221; transparency=&#8221;opaque&#8221; vertical_alignment=&#8221;default&#8221; css=&#8221;.vc_custom_1704680677711{padding-top: 60px !important;padding-bottom: 30px !important;}&#8221;][vc_column][vc_custom_heading source=&#8221;post_title&#8221; font_container=&#8221;tag:h1|text_align:center&#8221; use_theme_fonts=&#8221;yes&#8221;][\/vc_column][\/vc_row][vc_row text_shadow=&#8221;no-shadow&#8221; inner_shadow=&#8221;no-shadow&#8221; width=&#8221;padded&#8221; class=&#8221;texto-20&#8243; overlay_opacity=&#8221;0&#8243; overlay_grid=&#8221;0&#8243; background_image_size=&#8221;cover&#8221; background_image_repeat=&#8221;no-repeat&#8221; background_position_vertical=&#8221;0&#8243; background_image_attachment=&#8221;scroll&#8221; background_image_parallax=&#8221;off&#8221; background_image_parallax_start=&#8221;0&#8243; background_image_parallax_end=&#8221;-80&#8243; height=&#8221;normal&#8221; transparency=&#8221;opaque&#8221; vertical_alignment=&#8221;default&#8221;][vc_column][vc_separator color=&#8221;blue&#8221; border_width=&#8221;3&#8243;][vc_column_text text_columns=&#8221;col-text-1&#8243; text_color=&#8221;text-normal&#8221; margin_top=&#8221;20&#8243; margin_bottom=&#8221;20&#8243; scroll_animation=&#8221;none&#8221; scroll_animation_delay=&#8221;0&#8243; css=&#8221;.vc_custom_1707843199821{margin-bottom: 20px !important;}&#8221;]Es importante&hellip;&nbsp;Leer m\u00e1s &raquo;Registro de Empresas","og_url":"https:\/\/mssasociados.com\/usa\/registro-de-empresas\/","og_site_name":"MSS &amp; Asociados - USA","article_modified_time":"2024-02-13T16:53:58+00:00","twitter_card":"summary_large_image","twitter_misc":{"Tiempo de lectura":"4 minutos"},"schema":{"@context":"https:\/\/schema.org","@graph":[{"@type":"WebPage","@id":"https:\/\/mssasociados.com\/usa\/registro-de-empresas\/","url":"https:\/\/mssasociados.com\/usa\/registro-de-empresas\/","name":"Registro de Empresas - MSS &amp; Asociados - USA","isPartOf":{"@id":"https:\/\/mssasociados.com\/usa\/#website"},"datePublished":"2024-01-06T19:57:47+00:00","dateModified":"2024-02-13T16:53:58+00:00","breadcrumb":{"@id":"https:\/\/mssasociados.com\/usa\/registro-de-empresas\/#breadcrumb"},"inLanguage":"es","potentialAction":[{"@type":"ReadAction","target":["https:\/\/mssasociados.com\/usa\/registro-de-empresas\/"]}]},{"@type":"BreadcrumbList","@id":"https:\/\/mssasociados.com\/usa\/registro-de-empresas\/#breadcrumb","itemListElement":[{"@type":"ListItem","position":1,"name":"Portada","item":"https:\/\/mssasociados.com\/usa\/"},{"@type":"ListItem","position":2,"name":"Registro de Empresas"}]},{"@type":"WebSite","@id":"https:\/\/mssasociados.com\/usa\/#website","url":"https:\/\/mssasociados.com\/usa\/","name":"MSS &amp; Asociados - USA","description":"","publisher":{"@id":"https:\/\/mssasociados.com\/usa\/#organization"},"potentialAction":[{"@type":"SearchAction","target":{"@type":"EntryPoint","urlTemplate":"https:\/\/mssasociados.com\/usa\/?s={search_term_string}"},"query-input":{"@type":"PropertyValueSpecification","valueRequired":true,"valueName":"search_term_string"}}],"inLanguage":"es"},{"@type":"Organization","@id":"https:\/\/mssasociados.com\/usa\/#organization","name":"MSS &amp; Asociados - USA","url":"https:\/\/mssasociados.com\/usa\/","logo":{"@type":"ImageObject","inLanguage":"es","@id":"https:\/\/mssasociados.com\/usa\/#\/schema\/logo\/image\/","url":"https:\/\/mssasociados.com\/usa\/wp-content\/uploads\/sites\/2\/2020\/12\/web-agency-logo-3.png","contentUrl":"https:\/\/mssasociados.com\/usa\/wp-content\/uploads\/sites\/2\/2020\/12\/web-agency-logo-3.png","width":200,"height":200,"caption":"MSS &amp; Asociados - USA"},"image":{"@id":"https:\/\/mssasociados.com\/usa\/#\/schema\/logo\/image\/"}}]}},"jetpack_sharing_enabled":true,"_links":{"self":[{"href":"https:\/\/mssasociados.com\/usa\/wp-json\/wp\/v2\/pages\/435","targetHints":{"allow":["GET"]}}],"collection":[{"href":"https:\/\/mssasociados.com\/usa\/wp-json\/wp\/v2\/pages"}],"about":[{"href":"https:\/\/mssasociados.com\/usa\/wp-json\/wp\/v2\/types\/page"}],"author":[{"embeddable":true,"href":"https:\/\/mssasociados.com\/usa\/wp-json\/wp\/v2\/users\/5475"}],"replies":[{"embeddable":true,"href":"https:\/\/mssasociados.com\/usa\/wp-json\/wp\/v2\/comments?post=435"}],"version-history":[{"count":9,"href":"https:\/\/mssasociados.com\/usa\/wp-json\/wp\/v2\/pages\/435\/revisions"}],"predecessor-version":[{"id":14310,"href":"https:\/\/mssasociados.com\/usa\/wp-json\/wp\/v2\/pages\/435\/revisions\/14310"}],"wp:attachment":[{"href":"https:\/\/mssasociados.com\/usa\/wp-json\/wp\/v2\/media?parent=435"}],"curies":[{"name":"wp","href":"https:\/\/api.w.org\/{rel}","templated":true}]}}