{"id":441,"date":"2024-01-06T21:01:31","date_gmt":"2024-01-06T20:01:31","guid":{"rendered":"https:\/\/mssasociados.com\/usa\/?page_id=441"},"modified":"2024-01-07T21:20:27","modified_gmt":"2024-01-08T02:20:27","slug":"servicios-de-consultoria","status":"publish","type":"page","link":"https:\/\/mssasociados.com\/usa\/servicios-de-consultoria\/","title":{"rendered":"Servicios de Consultor\u00eda"},"content":{"rendered":"<div class=\"wpb-content-wrapper\"><p>[vc_row full_width=&#8221;stretch_row_content&#8221; css=&#8221;.vc_custom_1704680214724{padding-top: 60px !important;padding-bottom: 30px !important;}&#8221;][vc_column][vc_custom_heading source=&#8221;post_title&#8221; font_container=&#8221;tag:h1|text_align:center&#8221; use_theme_fonts=&#8221;yes&#8221;][\/vc_column][\/vc_row][vc_row text_shadow=&#8221;no-shadow&#8221; inner_shadow=&#8221;no-shadow&#8221; width=&#8221;padded&#8221; class=&#8221;texto-20&#8243; overlay_opacity=&#8221;0&#8243; overlay_grid=&#8221;0&#8243; background_image_size=&#8221;cover&#8221; background_image_repeat=&#8221;no-repeat&#8221; background_position_vertical=&#8221;0&#8243; background_image_attachment=&#8221;scroll&#8221; background_image_parallax=&#8221;off&#8221; background_image_parallax_start=&#8221;0&#8243; background_image_parallax_end=&#8221;-80&#8243; height=&#8221;normal&#8221; transparency=&#8221;opaque&#8221; vertical_alignment=&#8221;default&#8221;][vc_column][vc_separator color=&#8221;blue&#8221; border_width=&#8221;3&#8243;][vc_column_text text_columns=&#8221;col-text-1&#8243; text_color=&#8221;text-normal&#8221; margin_top=&#8221;20&#8243; margin_bottom=&#8221;20&#8243; scroll_animation=&#8221;none&#8221; scroll_animation_delay=&#8221;0&#8243;]<\/p>\n<ol>\n<li><strong>Planificaci\u00f3n Fiscal:<\/strong> realizamos Una evoluci\u00f3n durante el periodo fiscal de empresa para determinar estrategias de eluci\u00f3n fiscal que disminuyan las cargas tributarias en materia de Impuesto sobre la renta.<\/li>\n<li><strong>Desarrollo empresarial:<\/strong> establecemos una serie de reglas de negocio que contribuyen a la maximizaci\u00f3n de los beneficios econ\u00f3micos.<\/li>\n<li><strong>Dise\u00f1o de procedimientos contables-Administrativos:<\/strong> dise\u00f1amos paso a paso una serie de procedimientos con el fin de optimizar procesos administrativos contables incluso dentro de sus procesos operativos internos, todo con el fin de maximizar sus beneficios.<\/li>\n<\/ol>\n<p>[\/vc_column_text][vc_separator color=&#8221;blue&#8221; border_width=&#8221;3&#8243;][vc_btn title=&#8221;Cont\u00e1ctanos&#8221; style=&#8221;3d&#8221; color=&#8221;primary&#8221; size=&#8221;lg&#8221; align=&#8221;center&#8221; i_icon_fontawesome=&#8221;far fa-envelope&#8221; add_icon=&#8221;true&#8221; link=&#8221;url:https%3A%2F%2Fmssasociados.com%2Fusa%2Fcontact-us%2F|title:Cont%C3%A1ctanos&#8221;][\/vc_column][\/vc_row]<\/p>\n<\/div>","protected":false},"excerpt":{"rendered":"<p>[vc_row full_width=&#8221;stretch_row_content&#8221; css=&#8221;.vc_custom_1704680214724{padding-top: 60px !important;padding-bottom: 30px !important;}&#8221;][vc_column][vc_custom_heading source=&#8221;post_title&#8221; font_container=&#8221;tag:h1|text_align:center&#8221; use_theme_fonts=&#8221;yes&#8221;][\/vc_column][\/vc_row][vc_row text_shadow=&#8221;no-shadow&#8221; inner_shadow=&#8221;no-shadow&#8221; width=&#8221;padded&#8221; class=&#8221;texto-20&#8243; overlay_opacity=&#8221;0&#8243; overlay_grid=&#8221;0&#8243; background_image_size=&#8221;cover&#8221; background_image_repeat=&#8221;no-repeat&#8221; background_position_vertical=&#8221;0&#8243; background_image_attachment=&#8221;scroll&#8221; background_image_parallax=&#8221;off&#8221; background_image_parallax_start=&#8221;0&#8243; background_image_parallax_end=&#8221;-80&#8243; height=&#8221;normal&#8221; transparency=&#8221;opaque&#8221; vertical_alignment=&#8221;default&#8221;][vc_column][vc_separator color=&#8221;blue&#8221; border_width=&#8221;3&#8243;][vc_column_text text_columns=&#8221;col-text-1&#8243; text_color=&#8221;text-normal&#8221; margin_top=&#8221;20&#8243; margin_bottom=&#8221;20&#8243; scroll_animation=&#8221;none&#8221; scroll_animation_delay=&#8221;0&#8243;] Planificaci\u00f3n Fiscal: realizamos Una evoluci\u00f3n durante el periodo fiscal de empresa para determinar estrategias de eluci\u00f3n fiscal que disminuyan las cargas&hellip;&nbsp;<a href=\"https:\/\/mssasociados.com\/usa\/servicios-de-consultoria\/\" rel=\"bookmark\">Leer m\u00e1s &raquo;<span class=\"screen-reader-text\">Servicios de Consultor\u00eda<\/span><\/a><\/p>\n","protected":false},"author":5475,"featured_media":0,"parent":0,"menu_order":0,"comment_status":"closed","ping_status":"closed","template":"","meta":{"neve_meta_sidebar":"","neve_meta_container":"","neve_meta_enable_content_width":"off","neve_meta_content_width":100,"neve_meta_title_alignment":"","neve_meta_author_avatar":"","neve_post_elements_order":"","neve_meta_disable_header":"","neve_meta_disable_footer":"","neve_meta_disable_title":"on","_themeisle_gutenberg_block_has_review":false,"footnotes":""},"class_list":["post-441","page","type-page","status-publish","hentry"],"yoast_head":"<!-- This site is optimized with the Yoast SEO plugin v24.9 - https:\/\/yoast.com\/wordpress\/plugins\/seo\/ -->\n<title>Servicios de Consultor\u00eda - MSS &amp; Asociados - USA<\/title>\n<meta name=\"robots\" content=\"index, follow, max-snippet:-1, max-image-preview:large, max-video-preview:-1\" \/>\n<link rel=\"canonical\" href=\"https:\/\/mssasociados.com\/usa\/servicios-de-consultoria\/\" \/>\n<meta property=\"og:locale\" content=\"es_ES\" \/>\n<meta property=\"og:type\" content=\"article\" \/>\n<meta property=\"og:title\" content=\"Servicios de Consultor\u00eda - MSS &amp; Asociados - USA\" \/>\n<meta property=\"og:description\" content=\"[vc_row full_width=&#8221;stretch_row_content&#8221; css=&#8221;.vc_custom_1704680214724{padding-top: 60px !important;padding-bottom: 30px !important;}&#8221;][vc_column][vc_custom_heading source=&#8221;post_title&#8221; font_container=&#8221;tag:h1|text_align:center&#8221; use_theme_fonts=&#8221;yes&#8221;][\/vc_column][\/vc_row][vc_row text_shadow=&#8221;no-shadow&#8221; inner_shadow=&#8221;no-shadow&#8221; width=&#8221;padded&#8221; class=&#8221;texto-20&#8243; overlay_opacity=&#8221;0&#8243; overlay_grid=&#8221;0&#8243; background_image_size=&#8221;cover&#8221; background_image_repeat=&#8221;no-repeat&#8221; background_position_vertical=&#8221;0&#8243; background_image_attachment=&#8221;scroll&#8221; background_image_parallax=&#8221;off&#8221; background_image_parallax_start=&#8221;0&#8243; background_image_parallax_end=&#8221;-80&#8243; height=&#8221;normal&#8221; transparency=&#8221;opaque&#8221; vertical_alignment=&#8221;default&#8221;][vc_column][vc_separator color=&#8221;blue&#8221; border_width=&#8221;3&#8243;][vc_column_text text_columns=&#8221;col-text-1&#8243; text_color=&#8221;text-normal&#8221; margin_top=&#8221;20&#8243; margin_bottom=&#8221;20&#8243; scroll_animation=&#8221;none&#8221; scroll_animation_delay=&#8221;0&#8243;] Planificaci\u00f3n Fiscal: realizamos Una evoluci\u00f3n durante el periodo fiscal de empresa para determinar estrategias de eluci\u00f3n fiscal que disminuyan las cargas&hellip;&nbsp;Leer m\u00e1s &raquo;Servicios de Consultor\u00eda\" \/>\n<meta property=\"og:url\" content=\"https:\/\/mssasociados.com\/usa\/servicios-de-consultoria\/\" \/>\n<meta property=\"og:site_name\" content=\"MSS &amp; Asociados - USA\" \/>\n<meta property=\"article:modified_time\" content=\"2024-01-08T02:20:27+00:00\" \/>\n<meta name=\"twitter:card\" content=\"summary_large_image\" \/>\n<meta name=\"twitter:label1\" content=\"Tiempo de lectura\" \/>\n\t<meta name=\"twitter:data1\" content=\"1 minuto\" \/>\n<script type=\"application\/ld+json\" class=\"yoast-schema-graph\">{\"@context\":\"https:\/\/schema.org\",\"@graph\":[{\"@type\":\"WebPage\",\"@id\":\"https:\/\/mssasociados.com\/usa\/servicios-de-consultoria\/\",\"url\":\"https:\/\/mssasociados.com\/usa\/servicios-de-consultoria\/\",\"name\":\"Servicios de Consultor\u00eda - MSS &amp; Asociados - USA\",\"isPartOf\":{\"@id\":\"https:\/\/mssasociados.com\/usa\/#website\"},\"datePublished\":\"2024-01-06T20:01:31+00:00\",\"dateModified\":\"2024-01-08T02:20:27+00:00\",\"breadcrumb\":{\"@id\":\"https:\/\/mssasociados.com\/usa\/servicios-de-consultoria\/#breadcrumb\"},\"inLanguage\":\"es\",\"potentialAction\":[{\"@type\":\"ReadAction\",\"target\":[\"https:\/\/mssasociados.com\/usa\/servicios-de-consultoria\/\"]}]},{\"@type\":\"BreadcrumbList\",\"@id\":\"https:\/\/mssasociados.com\/usa\/servicios-de-consultoria\/#breadcrumb\",\"itemListElement\":[{\"@type\":\"ListItem\",\"position\":1,\"name\":\"Portada\",\"item\":\"https:\/\/mssasociados.com\/usa\/\"},{\"@type\":\"ListItem\",\"position\":2,\"name\":\"Servicios de Consultor\u00eda\"}]},{\"@type\":\"WebSite\",\"@id\":\"https:\/\/mssasociados.com\/usa\/#website\",\"url\":\"https:\/\/mssasociados.com\/usa\/\",\"name\":\"MSS &amp; Asociados - USA\",\"description\":\"\",\"publisher\":{\"@id\":\"https:\/\/mssasociados.com\/usa\/#organization\"},\"potentialAction\":[{\"@type\":\"SearchAction\",\"target\":{\"@type\":\"EntryPoint\",\"urlTemplate\":\"https:\/\/mssasociados.com\/usa\/?s={search_term_string}\"},\"query-input\":{\"@type\":\"PropertyValueSpecification\",\"valueRequired\":true,\"valueName\":\"search_term_string\"}}],\"inLanguage\":\"es\"},{\"@type\":\"Organization\",\"@id\":\"https:\/\/mssasociados.com\/usa\/#organization\",\"name\":\"MSS &amp; Asociados - USA\",\"url\":\"https:\/\/mssasociados.com\/usa\/\",\"logo\":{\"@type\":\"ImageObject\",\"inLanguage\":\"es\",\"@id\":\"https:\/\/mssasociados.com\/usa\/#\/schema\/logo\/image\/\",\"url\":\"https:\/\/mssasociados.com\/usa\/wp-content\/uploads\/sites\/2\/2020\/12\/web-agency-logo-3.png\",\"contentUrl\":\"https:\/\/mssasociados.com\/usa\/wp-content\/uploads\/sites\/2\/2020\/12\/web-agency-logo-3.png\",\"width\":200,\"height\":200,\"caption\":\"MSS &amp; Asociados - USA\"},\"image\":{\"@id\":\"https:\/\/mssasociados.com\/usa\/#\/schema\/logo\/image\/\"}}]}<\/script>\n<!-- \/ Yoast SEO plugin. -->","yoast_head_json":{"title":"Servicios de Consultor\u00eda - MSS &amp; Asociados - USA","robots":{"index":"index","follow":"follow","max-snippet":"max-snippet:-1","max-image-preview":"max-image-preview:large","max-video-preview":"max-video-preview:-1"},"canonical":"https:\/\/mssasociados.com\/usa\/servicios-de-consultoria\/","og_locale":"es_ES","og_type":"article","og_title":"Servicios de Consultor\u00eda - MSS &amp; Asociados - USA","og_description":"[vc_row full_width=&#8221;stretch_row_content&#8221; css=&#8221;.vc_custom_1704680214724{padding-top: 60px !important;padding-bottom: 30px !important;}&#8221;][vc_column][vc_custom_heading source=&#8221;post_title&#8221; font_container=&#8221;tag:h1|text_align:center&#8221; use_theme_fonts=&#8221;yes&#8221;][\/vc_column][\/vc_row][vc_row text_shadow=&#8221;no-shadow&#8221; inner_shadow=&#8221;no-shadow&#8221; width=&#8221;padded&#8221; class=&#8221;texto-20&#8243; overlay_opacity=&#8221;0&#8243; overlay_grid=&#8221;0&#8243; background_image_size=&#8221;cover&#8221; background_image_repeat=&#8221;no-repeat&#8221; background_position_vertical=&#8221;0&#8243; background_image_attachment=&#8221;scroll&#8221; background_image_parallax=&#8221;off&#8221; background_image_parallax_start=&#8221;0&#8243; background_image_parallax_end=&#8221;-80&#8243; height=&#8221;normal&#8221; transparency=&#8221;opaque&#8221; vertical_alignment=&#8221;default&#8221;][vc_column][vc_separator color=&#8221;blue&#8221; border_width=&#8221;3&#8243;][vc_column_text text_columns=&#8221;col-text-1&#8243; text_color=&#8221;text-normal&#8221; margin_top=&#8221;20&#8243; margin_bottom=&#8221;20&#8243; scroll_animation=&#8221;none&#8221; scroll_animation_delay=&#8221;0&#8243;] Planificaci\u00f3n Fiscal: realizamos Una evoluci\u00f3n durante el periodo fiscal de empresa para determinar estrategias de eluci\u00f3n fiscal que disminuyan las cargas&hellip;&nbsp;Leer m\u00e1s &raquo;Servicios de Consultor\u00eda","og_url":"https:\/\/mssasociados.com\/usa\/servicios-de-consultoria\/","og_site_name":"MSS &amp; Asociados - USA","article_modified_time":"2024-01-08T02:20:27+00:00","twitter_card":"summary_large_image","twitter_misc":{"Tiempo de lectura":"1 minuto"},"schema":{"@context":"https:\/\/schema.org","@graph":[{"@type":"WebPage","@id":"https:\/\/mssasociados.com\/usa\/servicios-de-consultoria\/","url":"https:\/\/mssasociados.com\/usa\/servicios-de-consultoria\/","name":"Servicios de Consultor\u00eda - MSS &amp; Asociados - USA","isPartOf":{"@id":"https:\/\/mssasociados.com\/usa\/#website"},"datePublished":"2024-01-06T20:01:31+00:00","dateModified":"2024-01-08T02:20:27+00:00","breadcrumb":{"@id":"https:\/\/mssasociados.com\/usa\/servicios-de-consultoria\/#breadcrumb"},"inLanguage":"es","potentialAction":[{"@type":"ReadAction","target":["https:\/\/mssasociados.com\/usa\/servicios-de-consultoria\/"]}]},{"@type":"BreadcrumbList","@id":"https:\/\/mssasociados.com\/usa\/servicios-de-consultoria\/#breadcrumb","itemListElement":[{"@type":"ListItem","position":1,"name":"Portada","item":"https:\/\/mssasociados.com\/usa\/"},{"@type":"ListItem","position":2,"name":"Servicios de Consultor\u00eda"}]},{"@type":"WebSite","@id":"https:\/\/mssasociados.com\/usa\/#website","url":"https:\/\/mssasociados.com\/usa\/","name":"MSS &amp; Asociados - USA","description":"","publisher":{"@id":"https:\/\/mssasociados.com\/usa\/#organization"},"potentialAction":[{"@type":"SearchAction","target":{"@type":"EntryPoint","urlTemplate":"https:\/\/mssasociados.com\/usa\/?s={search_term_string}"},"query-input":{"@type":"PropertyValueSpecification","valueRequired":true,"valueName":"search_term_string"}}],"inLanguage":"es"},{"@type":"Organization","@id":"https:\/\/mssasociados.com\/usa\/#organization","name":"MSS &amp; Asociados - USA","url":"https:\/\/mssasociados.com\/usa\/","logo":{"@type":"ImageObject","inLanguage":"es","@id":"https:\/\/mssasociados.com\/usa\/#\/schema\/logo\/image\/","url":"https:\/\/mssasociados.com\/usa\/wp-content\/uploads\/sites\/2\/2020\/12\/web-agency-logo-3.png","contentUrl":"https:\/\/mssasociados.com\/usa\/wp-content\/uploads\/sites\/2\/2020\/12\/web-agency-logo-3.png","width":200,"height":200,"caption":"MSS &amp; Asociados - USA"},"image":{"@id":"https:\/\/mssasociados.com\/usa\/#\/schema\/logo\/image\/"}}]}},"jetpack_sharing_enabled":true,"_links":{"self":[{"href":"https:\/\/mssasociados.com\/usa\/wp-json\/wp\/v2\/pages\/441","targetHints":{"allow":["GET"]}}],"collection":[{"href":"https:\/\/mssasociados.com\/usa\/wp-json\/wp\/v2\/pages"}],"about":[{"href":"https:\/\/mssasociados.com\/usa\/wp-json\/wp\/v2\/types\/page"}],"author":[{"embeddable":true,"href":"https:\/\/mssasociados.com\/usa\/wp-json\/wp\/v2\/users\/5475"}],"replies":[{"embeddable":true,"href":"https:\/\/mssasociados.com\/usa\/wp-json\/wp\/v2\/comments?post=441"}],"version-history":[{"count":3,"href":"https:\/\/mssasociados.com\/usa\/wp-json\/wp\/v2\/pages\/441\/revisions"}],"predecessor-version":[{"id":14223,"href":"https:\/\/mssasociados.com\/usa\/wp-json\/wp\/v2\/pages\/441\/revisions\/14223"}],"wp:attachment":[{"href":"https:\/\/mssasociados.com\/usa\/wp-json\/wp\/v2\/media?parent=441"}],"curies":[{"name":"wp","href":"https:\/\/api.w.org\/{rel}","templated":true}]}}