{"id":75,"date":"2023-12-17T08:29:32","date_gmt":"2023-12-17T07:29:32","guid":{"rendered":"https:\/\/demosites.io\/web-agency-gb\/?page_id=75"},"modified":"2025-11-09T10:54:51","modified_gmt":"2025-11-09T15:54:51","slug":"contact-us","status":"publish","type":"page","link":"https:\/\/mssasociados.com\/usa\/contact-us\/","title":{"rendered":"Cont\u00e1ctanos"},"content":{"rendered":"<div class=\"wpb-content-wrapper\"><p>[vc_row full_width=&#8221;stretch_row_content&#8221; css=&#8221;.vc_custom_1704606562696{padding-top: 60px !important;padding-bottom: 30px !important;}&#8221;][vc_column][vc_custom_heading source=&#8221;post_title&#8221; font_container=&#8221;tag:h1|text_align:center&#8221; use_theme_fonts=&#8221;yes&#8221;][\/vc_column][\/vc_row][vc_row text_shadow=&#8221;no-shadow&#8221; inner_shadow=&#8221;no-shadow&#8221; width=&#8221;padded&#8221; overlay_colour=&#8221;#9a000b&#8221; overlay_opacity=&#8221;0.8&#8243; overlay_grid=&#8221;0&#8243; background_image=&#8221;13350&#8243; background_image_size=&#8221;cover&#8221; background_image_repeat=&#8221;no-repeat&#8221; background_position_vertical=&#8221;0&#8243; background_image_attachment=&#8221;fixed&#8221; background_image_parallax=&#8221;on&#8221; background_image_parallax_start=&#8221;-31&#8243; background_image_parallax_end=&#8221;50&#8243; height=&#8221;normal&#8221; transparency=&#8221;opaque&#8221; vertical_alignment=&#8221;default&#8221;][vc_column align=&#8221;center&#8221; align_sm=&#8221;default&#8221; border_top=&#8221;off&#8221; border_right=&#8221;off&#8221; border_bottom=&#8221;off&#8221; border_left=&#8221;off&#8221; scroll_animation=&#8221;none&#8221; scroll_animation_delay=&#8221;0&#8243;][vc_column_text text_columns=&#8221;col-text-1&#8243; text_color=&#8221;text-normal&#8221; margin_top=&#8221;20&#8243; margin_bottom=&#8221;70&#8243; scroll_animation=&#8221;none&#8221; scroll_animation_delay=&#8221;0&#8243; extra_classes=&#8221;texto-20&#8243; css=&#8221;.vc_custom_1704606783173{margin-bottom: 70px !important;}&#8221;]<\/p>\n<p style=\"text-align: center;\">Puedes ponerte en contacto con nosotros a trav\u00e9s de los datos a continuaci\u00f3n o llenando el formulario de contacto.<\/p>\n<p>[\/vc_column_text][\/vc_column][\/vc_row][vc_row text_shadow=&#8221;no-shadow&#8221; inner_shadow=&#8221;no-shadow&#8221; width=&#8221;padded&#8221; overlay_colour=&#8221;#ffffff&#8221; overlay_opacity=&#8221;0&#8243; overlay_grid=&#8221;0&#8243; background_image_size=&#8221;cover&#8221; background_image_repeat=&#8221;no-repeat&#8221; background_position_vertical=&#8221;0&#8243; background_image_attachment=&#8221;scroll&#8221; background_image_parallax=&#8221;off&#8221; background_image_parallax_start=&#8221;0&#8243; background_image_parallax_end=&#8221;-80&#8243; height=&#8221;normal&#8221; transparency=&#8221;opaque&#8221; vertical_alignment=&#8221;default&#8221; swatch=&#8221;swatch-white&#8221;][vc_column align=&#8221;center&#8221; align_sm=&#8221;default&#8221; border_top=&#8221;off&#8221; border_right=&#8221;off&#8221; border_bottom=&#8221;on&#8221; border_left=&#8221;off&#8221; scroll_animation=&#8221;none&#8221; scroll_animation_delay=&#8221;0&#8243;][vc_row_inner][vc_column_inner width=&#8221;2\/3&#8243; align=&#8221;left&#8221; align_sm=&#8221;center&#8221; border_top=&#8221;off&#8221; border_right=&#8221;off&#8221; border_bottom=&#8221;off&#8221; border_left=&#8221;off&#8221; scroll_animation=&#8221;fadeInLeft&#8221; scroll_animation_delay=&#8221;0.3&#8243;]<style id=\"wpforms-css-vars-367\">\n\t\t\t\t#wpforms-367 {\n\t\t\t\t\n\t\t\t}\n\t\t\t<\/style><div class=\"wpforms-container wpforms-container-full wpforms-render-modern\" id=\"wpforms-367\"><form id=\"wpforms-form-367\" class=\"wpforms-validate wpforms-form wpforms-ajax-form\" data-formid=\"367\" method=\"post\" enctype=\"multipart\/form-data\" action=\"\/usa\/wp-json\/wp\/v2\/pages\/75\" data-token=\"bb6abde6bbb28bb4dc2dc7b96c4f6c12\" data-token-time=\"1777110610\"><noscript class=\"wpforms-error-noscript\">Por favor, activa JavaScript en tu navegador para completar este formulario.<\/noscript><div id=\"wpforms-error-noscript\" style=\"display: none;\">Por favor, activa JavaScript en tu navegador para completar este formulario.<\/div><div class=\"wpforms-field-container\"><div id=\"wpforms-367-field_0-container\" class=\"wpforms-field wpforms-field-name\" data-field-id=\"0\"><fieldset><legend class=\"wpforms-field-label\">Nombre y Apellidos <span class=\"wpforms-required-label\" aria-hidden=\"true\">*<\/span><\/legend><div class=\"wpforms-field-row wpforms-field-large\"><div class=\"wpforms-field-row-block wpforms-first wpforms-one-half\"><input type=\"text\" id=\"wpforms-367-field_0\" class=\"wpforms-field-name-first wpforms-field-required\" name=\"wpforms[fields][0][first]\" aria-errormessage=\"wpforms-367-field_0-error\" required><label for=\"wpforms-367-field_0\" class=\"wpforms-field-sublabel after\">Nombre<\/label><\/div><div class=\"wpforms-field-row-block wpforms-one-half\"><input type=\"text\" id=\"wpforms-367-field_0-last\" class=\"wpforms-field-name-last wpforms-field-required\" name=\"wpforms[fields][0][last]\" aria-errormessage=\"wpforms-367-field_0-last-error\" required><label for=\"wpforms-367-field_0-last\" class=\"wpforms-field-sublabel after\">Apellidos<\/label><\/div><\/div><\/fieldset><\/div><div id=\"wpforms-367-field_1-container\" class=\"wpforms-field wpforms-field-email\" data-field-id=\"1\"><label class=\"wpforms-field-label\" for=\"wpforms-367-field_1\">Correo electr\u00f3nico <span class=\"wpforms-required-label\" aria-hidden=\"true\">*<\/span><\/label><input type=\"email\" id=\"wpforms-367-field_1\" class=\"wpforms-field-medium wpforms-field-required\" name=\"wpforms[fields][1]\" spellcheck=\"false\" aria-errormessage=\"wpforms-367-field_1-error\" required><\/div><div id=\"wpforms-367-field_3-container\" class=\"wpforms-field wpforms-field-number\" data-field-id=\"3\"><label class=\"wpforms-field-label\" for=\"wpforms-367-field_3\">Tel\u00e9fono <\/label><input type=\"number\" id=\"wpforms-367-field_3\" class=\"wpforms-field-small\" name=\"wpforms[fields][3]\" placeholder=\"+1 XXX XXX XXXX\" step=\"any\" aria-errormessage=\"wpforms-367-field_3-error\" ><\/div><div id=\"wpforms-367-field_4-container\" class=\"wpforms-field wpforms-field-select wpforms-field-select-style-classic\" data-field-id=\"4\"><label class=\"wpforms-field-label\" for=\"wpforms-367-field_4\">Motivo de su contacto <span class=\"wpforms-required-label\" aria-hidden=\"true\">*<\/span><\/label><select id=\"wpforms-367-field_4\" class=\"wpforms-field-small wpforms-field-required\" name=\"wpforms[fields][4]\" required=\"required\"><option value=\"Consulta\"  class=\"choice-1 depth-1\"  >Consulta<\/option><option value=\"Preparaci\u00f3n de impuestos\"  class=\"choice-2 depth-1\"  >Preparaci\u00f3n de impuestos<\/option><option value=\"Apertura compa\u00f1ia\"  class=\"choice-3 depth-1\"  >Apertura compa\u00f1ia<\/option><option value=\"Notary Public\"  class=\"choice-5 depth-1\"  >Notary Public<\/option><option value=\"Cursos\"  class=\"choice-4 depth-1\"  >Cursos<\/option><option value=\"Tramite ITIN\"  class=\"choice-6 depth-1\"  >Tramite ITIN<\/option><option value=\"Bookkeping\"  class=\"choice-7 depth-1\"  >Bookkeping<\/option><option value=\"Sales Tax\"  class=\"choice-8 depth-1\"  >Sales Tax<\/option><option value=\"Payroll\"  class=\"choice-9 depth-1\"  >Payroll<\/option><\/select><\/div><div id=\"wpforms-367-field_2-container\" class=\"wpforms-field wpforms-field-textarea\" data-field-id=\"2\"><label class=\"wpforms-field-label\" for=\"wpforms-367-field_2\">Comentario o mensaje<\/label><textarea id=\"wpforms-367-field_2\" class=\"wpforms-field-medium\" name=\"wpforms[fields][2]\" aria-errormessage=\"wpforms-367-field_2-error\" ><\/textarea><\/div><\/div><!-- .wpforms-field-container --><div class=\"wpforms-recaptcha-container wpforms-is-recaptcha wpforms-is-recaptcha-type-v3\" ><input type=\"hidden\" name=\"wpforms[recaptcha]\" value=\"\"><\/div><div class=\"wpforms-submit-container\" ><input type=\"hidden\" name=\"wpforms[id]\" value=\"367\"><input type=\"hidden\" name=\"page_title\" value=\"\"><input type=\"hidden\" name=\"page_url\" value=\"https:\/\/mssasociados.com\/usa\/wp-json\/wp\/v2\/pages\/75\"><input type=\"hidden\" name=\"url_referer\" value=\"\"><button type=\"submit\" name=\"wpforms[submit]\" id=\"wpforms-submit-367\" class=\"wpforms-submit\" data-alt-text=\"Enviando...\" data-submit-text=\"Enviar\" aria-live=\"assertive\" value=\"wpforms-submit\">Enviar<\/button><img loading=\"lazy\" decoding=\"async\" src=\"https:\/\/mssasociados.com\/usa\/wp-content\/plugins\/wpforms\/assets\/images\/submit-spin.svg\" class=\"wpforms-submit-spinner\" style=\"display: none;\" width=\"26\" height=\"26\" alt=\"Cargando\"><\/div><\/form><\/div>  <!-- .wpforms-container -->[\/vc_column_inner][vc_column_inner width=&#8221;1\/3&#8243; align=&#8221;left&#8221; align_sm=&#8221;left&#8221; border_top=&#8221;off&#8221; border_right=&#8221;off&#8221; border_bottom=&#8221;off&#8221; border_left=&#8221;off&#8221; scroll_animation=&#8221;fadeInRight&#8221; scroll_animation_delay=&#8221;0.3&#8243;][vc_column_text text_columns=&#8221;col-text-1&#8243; text_color=&#8221;text-normal&#8221; margin_top=&#8221;20&#8243; margin_bottom=&#8221;20&#8243; scroll_animation=&#8221;none&#8221; scroll_animation_delay=&#8221;0&#8243; css=&#8221;.vc_custom_1762703688333{margin-bottom: 20px !important;}&#8221;]<\/p>\n<h2>Oficina en Miami<\/h2>\n<ul>\n<li><b>Direcci\u00f3n:<\/b> 3625 NW 82nd Ave oficina 100-A Doral\u00a0Fl\u00a033166<\/li>\n<li>Tel\u00e9fonos : +1 (786) 907 9320<\/li>\n<li>correo: vmoreno@mssasociados.com<\/li>\n<\/ul>\n<p>&nbsp;<\/p>\n<h2><\/h2>\n<h3><\/h3>\n<p>[\/vc_column_text][\/vc_column_inner][\/vc_row_inner][\/vc_column][\/vc_row]<\/p>\n<\/div>","protected":false},"excerpt":{"rendered":"<p>[vc_row full_width=&#8221;stretch_row_content&#8221; css=&#8221;.vc_custom_1704606562696{padding-top: 60px !important;padding-bottom: 30px !important;}&#8221;][vc_column][vc_custom_heading source=&#8221;post_title&#8221; font_container=&#8221;tag:h1|text_align:center&#8221; use_theme_fonts=&#8221;yes&#8221;][\/vc_column][\/vc_row][vc_row text_shadow=&#8221;no-shadow&#8221; inner_shadow=&#8221;no-shadow&#8221; width=&#8221;padded&#8221; overlay_colour=&#8221;#9a000b&#8221; overlay_opacity=&#8221;0.8&#8243; overlay_grid=&#8221;0&#8243; background_image=&#8221;13350&#8243; background_image_size=&#8221;cover&#8221; background_image_repeat=&#8221;no-repeat&#8221; background_position_vertical=&#8221;0&#8243; background_image_attachment=&#8221;fixed&#8221; background_image_parallax=&#8221;on&#8221; background_image_parallax_start=&#8221;-31&#8243; background_image_parallax_end=&#8221;50&#8243; height=&#8221;normal&#8221; transparency=&#8221;opaque&#8221; vertical_alignment=&#8221;default&#8221;][vc_column align=&#8221;center&#8221; align_sm=&#8221;default&#8221; border_top=&#8221;off&#8221; border_right=&#8221;off&#8221; border_bottom=&#8221;off&#8221; border_left=&#8221;off&#8221; scroll_animation=&#8221;none&#8221; scroll_animation_delay=&#8221;0&#8243;][vc_column_text text_columns=&#8221;col-text-1&#8243; text_color=&#8221;text-normal&#8221; margin_top=&#8221;20&#8243; margin_bottom=&#8221;70&#8243; scroll_animation=&#8221;none&#8221; scroll_animation_delay=&#8221;0&#8243; extra_classes=&#8221;texto-20&#8243; css=&#8221;.vc_custom_1704606783173{margin-bottom: 70px !important;}&#8221;] Puedes ponerte en contacto con nosotros a trav\u00e9s de los&hellip;&nbsp;<a href=\"https:\/\/mssasociados.com\/usa\/contact-us\/\" rel=\"bookmark\">Leer m\u00e1s &raquo;<span class=\"screen-reader-text\">Cont\u00e1ctanos<\/span><\/a><\/p>\n","protected":false},"author":5475,"featured_media":0,"parent":0,"menu_order":0,"comment_status":"closed","ping_status":"closed","template":"","meta":{"neve_meta_sidebar":"","neve_meta_container":"","neve_meta_enable_content_width":"on","neve_meta_content_width":100,"neve_meta_title_alignment":"","neve_meta_author_avatar":"","neve_post_elements_order":"","neve_meta_disable_header":"","neve_meta_disable_footer":"","neve_meta_disable_title":"on","_themeisle_gutenberg_block_has_review":false,"footnotes":""},"class_list":["post-75","page","type-page","status-publish","hentry"],"yoast_head":"<!-- This site is optimized with the Yoast SEO plugin v24.9 - https:\/\/yoast.com\/wordpress\/plugins\/seo\/ -->\n<title>Cont\u00e1ctanos - MSS &amp; Asociados - USA<\/title>\n<meta name=\"robots\" content=\"index, follow, max-snippet:-1, max-image-preview:large, max-video-preview:-1\" \/>\n<link rel=\"canonical\" href=\"https:\/\/mssasociados.com\/usa\/contact-us\/\" \/>\n<meta property=\"og:locale\" content=\"es_ES\" \/>\n<meta property=\"og:type\" content=\"article\" \/>\n<meta property=\"og:title\" content=\"Cont\u00e1ctanos - MSS &amp; Asociados - USA\" \/>\n<meta property=\"og:description\" content=\"[vc_row full_width=&#8221;stretch_row_content&#8221; css=&#8221;.vc_custom_1704606562696{padding-top: 60px !important;padding-bottom: 30px !important;}&#8221;][vc_column][vc_custom_heading source=&#8221;post_title&#8221; font_container=&#8221;tag:h1|text_align:center&#8221; use_theme_fonts=&#8221;yes&#8221;][\/vc_column][\/vc_row][vc_row text_shadow=&#8221;no-shadow&#8221; inner_shadow=&#8221;no-shadow&#8221; width=&#8221;padded&#8221; overlay_colour=&#8221;#9a000b&#8221; overlay_opacity=&#8221;0.8&#8243; overlay_grid=&#8221;0&#8243; background_image=&#8221;13350&#8243; background_image_size=&#8221;cover&#8221; background_image_repeat=&#8221;no-repeat&#8221; background_position_vertical=&#8221;0&#8243; background_image_attachment=&#8221;fixed&#8221; background_image_parallax=&#8221;on&#8221; background_image_parallax_start=&#8221;-31&#8243; background_image_parallax_end=&#8221;50&#8243; height=&#8221;normal&#8221; transparency=&#8221;opaque&#8221; vertical_alignment=&#8221;default&#8221;][vc_column align=&#8221;center&#8221; align_sm=&#8221;default&#8221; border_top=&#8221;off&#8221; border_right=&#8221;off&#8221; border_bottom=&#8221;off&#8221; border_left=&#8221;off&#8221; scroll_animation=&#8221;none&#8221; scroll_animation_delay=&#8221;0&#8243;][vc_column_text text_columns=&#8221;col-text-1&#8243; text_color=&#8221;text-normal&#8221; margin_top=&#8221;20&#8243; margin_bottom=&#8221;70&#8243; scroll_animation=&#8221;none&#8221; scroll_animation_delay=&#8221;0&#8243; extra_classes=&#8221;texto-20&#8243; css=&#8221;.vc_custom_1704606783173{margin-bottom: 70px !important;}&#8221;] Puedes ponerte en contacto con nosotros a trav\u00e9s de los&hellip;&nbsp;Leer m\u00e1s &raquo;Cont\u00e1ctanos\" \/>\n<meta property=\"og:url\" content=\"https:\/\/mssasociados.com\/usa\/contact-us\/\" \/>\n<meta property=\"og:site_name\" content=\"MSS &amp; Asociados - USA\" \/>\n<meta property=\"article:modified_time\" content=\"2025-11-09T15:54:51+00:00\" \/>\n<meta name=\"twitter:card\" content=\"summary_large_image\" \/>\n<meta name=\"twitter:label1\" content=\"Tiempo de lectura\" \/>\n\t<meta name=\"twitter:data1\" content=\"1 minuto\" \/>\n<script type=\"application\/ld+json\" class=\"yoast-schema-graph\">{\"@context\":\"https:\/\/schema.org\",\"@graph\":[{\"@type\":\"WebPage\",\"@id\":\"https:\/\/mssasociados.com\/usa\/contact-us\/\",\"url\":\"https:\/\/mssasociados.com\/usa\/contact-us\/\",\"name\":\"Cont\u00e1ctanos - MSS &amp; Asociados - USA\",\"isPartOf\":{\"@id\":\"https:\/\/mssasociados.com\/usa\/#website\"},\"datePublished\":\"2023-12-17T07:29:32+00:00\",\"dateModified\":\"2025-11-09T15:54:51+00:00\",\"breadcrumb\":{\"@id\":\"https:\/\/mssasociados.com\/usa\/contact-us\/#breadcrumb\"},\"inLanguage\":\"es\",\"potentialAction\":[{\"@type\":\"ReadAction\",\"target\":[\"https:\/\/mssasociados.com\/usa\/contact-us\/\"]}]},{\"@type\":\"BreadcrumbList\",\"@id\":\"https:\/\/mssasociados.com\/usa\/contact-us\/#breadcrumb\",\"itemListElement\":[{\"@type\":\"ListItem\",\"position\":1,\"name\":\"Portada\",\"item\":\"https:\/\/mssasociados.com\/usa\/\"},{\"@type\":\"ListItem\",\"position\":2,\"name\":\"Cont\u00e1ctanos\"}]},{\"@type\":\"WebSite\",\"@id\":\"https:\/\/mssasociados.com\/usa\/#website\",\"url\":\"https:\/\/mssasociados.com\/usa\/\",\"name\":\"MSS &amp; Asociados - USA\",\"description\":\"\",\"publisher\":{\"@id\":\"https:\/\/mssasociados.com\/usa\/#organization\"},\"potentialAction\":[{\"@type\":\"SearchAction\",\"target\":{\"@type\":\"EntryPoint\",\"urlTemplate\":\"https:\/\/mssasociados.com\/usa\/?s={search_term_string}\"},\"query-input\":{\"@type\":\"PropertyValueSpecification\",\"valueRequired\":true,\"valueName\":\"search_term_string\"}}],\"inLanguage\":\"es\"},{\"@type\":\"Organization\",\"@id\":\"https:\/\/mssasociados.com\/usa\/#organization\",\"name\":\"MSS &amp; Asociados - USA\",\"url\":\"https:\/\/mssasociados.com\/usa\/\",\"logo\":{\"@type\":\"ImageObject\",\"inLanguage\":\"es\",\"@id\":\"https:\/\/mssasociados.com\/usa\/#\/schema\/logo\/image\/\",\"url\":\"https:\/\/mssasociados.com\/usa\/wp-content\/uploads\/sites\/2\/2020\/12\/web-agency-logo-3.png\",\"contentUrl\":\"https:\/\/mssasociados.com\/usa\/wp-content\/uploads\/sites\/2\/2020\/12\/web-agency-logo-3.png\",\"width\":200,\"height\":200,\"caption\":\"MSS &amp; Asociados - USA\"},\"image\":{\"@id\":\"https:\/\/mssasociados.com\/usa\/#\/schema\/logo\/image\/\"}}]}<\/script>\n<!-- \/ Yoast SEO plugin. -->","yoast_head_json":{"title":"Cont\u00e1ctanos - MSS &amp; Asociados - USA","robots":{"index":"index","follow":"follow","max-snippet":"max-snippet:-1","max-image-preview":"max-image-preview:large","max-video-preview":"max-video-preview:-1"},"canonical":"https:\/\/mssasociados.com\/usa\/contact-us\/","og_locale":"es_ES","og_type":"article","og_title":"Cont\u00e1ctanos - MSS &amp; Asociados - USA","og_description":"[vc_row full_width=&#8221;stretch_row_content&#8221; css=&#8221;.vc_custom_1704606562696{padding-top: 60px !important;padding-bottom: 30px !important;}&#8221;][vc_column][vc_custom_heading source=&#8221;post_title&#8221; font_container=&#8221;tag:h1|text_align:center&#8221; use_theme_fonts=&#8221;yes&#8221;][\/vc_column][\/vc_row][vc_row text_shadow=&#8221;no-shadow&#8221; inner_shadow=&#8221;no-shadow&#8221; width=&#8221;padded&#8221; overlay_colour=&#8221;#9a000b&#8221; overlay_opacity=&#8221;0.8&#8243; overlay_grid=&#8221;0&#8243; background_image=&#8221;13350&#8243; background_image_size=&#8221;cover&#8221; background_image_repeat=&#8221;no-repeat&#8221; background_position_vertical=&#8221;0&#8243; background_image_attachment=&#8221;fixed&#8221; background_image_parallax=&#8221;on&#8221; background_image_parallax_start=&#8221;-31&#8243; background_image_parallax_end=&#8221;50&#8243; height=&#8221;normal&#8221; transparency=&#8221;opaque&#8221; vertical_alignment=&#8221;default&#8221;][vc_column align=&#8221;center&#8221; align_sm=&#8221;default&#8221; border_top=&#8221;off&#8221; border_right=&#8221;off&#8221; border_bottom=&#8221;off&#8221; border_left=&#8221;off&#8221; scroll_animation=&#8221;none&#8221; scroll_animation_delay=&#8221;0&#8243;][vc_column_text text_columns=&#8221;col-text-1&#8243; text_color=&#8221;text-normal&#8221; margin_top=&#8221;20&#8243; margin_bottom=&#8221;70&#8243; scroll_animation=&#8221;none&#8221; scroll_animation_delay=&#8221;0&#8243; extra_classes=&#8221;texto-20&#8243; css=&#8221;.vc_custom_1704606783173{margin-bottom: 70px !important;}&#8221;] Puedes ponerte en contacto con nosotros a trav\u00e9s de los&hellip;&nbsp;Leer m\u00e1s &raquo;Cont\u00e1ctanos","og_url":"https:\/\/mssasociados.com\/usa\/contact-us\/","og_site_name":"MSS &amp; Asociados - USA","article_modified_time":"2025-11-09T15:54:51+00:00","twitter_card":"summary_large_image","twitter_misc":{"Tiempo de lectura":"1 minuto"},"schema":{"@context":"https:\/\/schema.org","@graph":[{"@type":"WebPage","@id":"https:\/\/mssasociados.com\/usa\/contact-us\/","url":"https:\/\/mssasociados.com\/usa\/contact-us\/","name":"Cont\u00e1ctanos - MSS &amp; Asociados - USA","isPartOf":{"@id":"https:\/\/mssasociados.com\/usa\/#website"},"datePublished":"2023-12-17T07:29:32+00:00","dateModified":"2025-11-09T15:54:51+00:00","breadcrumb":{"@id":"https:\/\/mssasociados.com\/usa\/contact-us\/#breadcrumb"},"inLanguage":"es","potentialAction":[{"@type":"ReadAction","target":["https:\/\/mssasociados.com\/usa\/contact-us\/"]}]},{"@type":"BreadcrumbList","@id":"https:\/\/mssasociados.com\/usa\/contact-us\/#breadcrumb","itemListElement":[{"@type":"ListItem","position":1,"name":"Portada","item":"https:\/\/mssasociados.com\/usa\/"},{"@type":"ListItem","position":2,"name":"Cont\u00e1ctanos"}]},{"@type":"WebSite","@id":"https:\/\/mssasociados.com\/usa\/#website","url":"https:\/\/mssasociados.com\/usa\/","name":"MSS &amp; Asociados - USA","description":"","publisher":{"@id":"https:\/\/mssasociados.com\/usa\/#organization"},"potentialAction":[{"@type":"SearchAction","target":{"@type":"EntryPoint","urlTemplate":"https:\/\/mssasociados.com\/usa\/?s={search_term_string}"},"query-input":{"@type":"PropertyValueSpecification","valueRequired":true,"valueName":"search_term_string"}}],"inLanguage":"es"},{"@type":"Organization","@id":"https:\/\/mssasociados.com\/usa\/#organization","name":"MSS &amp; Asociados - USA","url":"https:\/\/mssasociados.com\/usa\/","logo":{"@type":"ImageObject","inLanguage":"es","@id":"https:\/\/mssasociados.com\/usa\/#\/schema\/logo\/image\/","url":"https:\/\/mssasociados.com\/usa\/wp-content\/uploads\/sites\/2\/2020\/12\/web-agency-logo-3.png","contentUrl":"https:\/\/mssasociados.com\/usa\/wp-content\/uploads\/sites\/2\/2020\/12\/web-agency-logo-3.png","width":200,"height":200,"caption":"MSS &amp; Asociados - USA"},"image":{"@id":"https:\/\/mssasociados.com\/usa\/#\/schema\/logo\/image\/"}}]}},"jetpack_sharing_enabled":true,"_links":{"self":[{"href":"https:\/\/mssasociados.com\/usa\/wp-json\/wp\/v2\/pages\/75","targetHints":{"allow":["GET"]}}],"collection":[{"href":"https:\/\/mssasociados.com\/usa\/wp-json\/wp\/v2\/pages"}],"about":[{"href":"https:\/\/mssasociados.com\/usa\/wp-json\/wp\/v2\/types\/page"}],"author":[{"embeddable":true,"href":"https:\/\/mssasociados.com\/usa\/wp-json\/wp\/v2\/users\/5475"}],"replies":[{"embeddable":true,"href":"https:\/\/mssasociados.com\/usa\/wp-json\/wp\/v2\/comments?post=75"}],"version-history":[{"count":14,"href":"https:\/\/mssasociados.com\/usa\/wp-json\/wp\/v2\/pages\/75\/revisions"}],"predecessor-version":[{"id":14429,"href":"https:\/\/mssasociados.com\/usa\/wp-json\/wp\/v2\/pages\/75\/revisions\/14429"}],"wp:attachment":[{"href":"https:\/\/mssasociados.com\/usa\/wp-json\/wp\/v2\/media?parent=75"}],"curies":[{"name":"wp","href":"https:\/\/api.w.org\/{rel}","templated":true}]}}